{"id":96,"date":"2025-08-08T08:57:55","date_gmt":"2025-08-08T08:57:55","guid":{"rendered":"https:\/\/frio.lublin.pl\/wordpress\/?page_id=96"},"modified":"2026-03-03T14:28:32","modified_gmt":"2026-03-03T14:28:32","slug":"lokalny-punkt-wsparcia-ksztalcenia-osob-doroslych-w-tomaszowie-lubelskim","status":"publish","type":"page","link":"https:\/\/frio.lublin.pl\/wordpress\/index.php\/projekty-partnerskie\/lokalny-punkt-wsparcia-ksztalcenia-osob-doroslych-w-tomaszowie-lubelskim\/","title":{"rendered":"Lokalny Punkt wsparcia kszta\u0142cenia os\u00f3b doros\u0142ych w Tomaszowie Lubelskim"},"content":{"rendered":"\n<figure class=\"wp-block-gallery has-nested-images columns-default is-cropped wp-block-gallery-1 is-layout-flex wp-block-gallery-is-layout-flex\">\n<figure class=\"wp-block-image size-large\"><img loading=\"lazy\" decoding=\"async\" width=\"1024\" height=\"109\" data-id=\"49\" src=\"https:\/\/frio.lublin.pl\/wordpress\/wp-content\/uploads\/2025\/02\/FEL_logotyp_kolor_poziom-1024x109.png\" alt=\"\" class=\"wp-image-49\" srcset=\"https:\/\/frio.lublin.pl\/wordpress\/wp-content\/uploads\/2025\/02\/FEL_logotyp_kolor_poziom-1024x109.png 1024w, https:\/\/frio.lublin.pl\/wordpress\/wp-content\/uploads\/2025\/02\/FEL_logotyp_kolor_poziom-300x32.png 300w, https:\/\/frio.lublin.pl\/wordpress\/wp-content\/uploads\/2025\/02\/FEL_logotyp_kolor_poziom-768x82.png 768w, https:\/\/frio.lublin.pl\/wordpress\/wp-content\/uploads\/2025\/02\/FEL_logotyp_kolor_poziom-1536x163.png 1536w, https:\/\/frio.lublin.pl\/wordpress\/wp-content\/uploads\/2025\/02\/FEL_logotyp_kolor_poziom-2048x218.png 2048w\" sizes=\"auto, (max-width: 1024px) 100vw, 1024px\" \/><\/figure>\n<\/figure>\n\n\n\n<p>Miasto Tomasz\u00f3w Lubelski w partnerstwie z Fundacj\u0105 Rozwoju Inicjatyw Obywatelskich realizuje projekt \u201eLokalny Punkt wsparcia kszta\u0142cenia os\u00f3b doros\u0142ych w Tomaszowie Lubelskim\u201d<\/p>\n\n\n\n<p>G\u0142\u00f3wnym celem projektu jest aktywizacja edukacyjna os\u00f3b doros\u0142ych, w szczeg\u00f3lno\u015bci z utrudnionym dost\u0119pem do odpowiadaj\u0105cych na ich potrzeby ofert edukacyjnych, w otoczeniu szk\u00f3\u0142 i plac\u00f3wek systemu o\u015bwiaty do rozwijania swoich umiej\u0119tno\u015bci i w\u0142\u0105czania si\u0119 w \u017cycie spo\u0142eczno\u015bci lokalnej minimum 200 mieszka\u0144c\u00f3w (130 kobiet i 70 m\u0119\u017cczyzn) miasta Tomasz\u00f3w Lubelski w okresie 01.05.2025 \u2013 30.06.2026 r.<\/p>\n\n\n\n<p>Celami szczeg\u00f3\u0142owymi projektu s\u0105:<\/p>\n\n\n\n<ul class=\"wp-block-list\">\n<li>utworzenie lokalnego punktu wsparcia kszta\u0142cenia os\u00f3b doros\u0142ych, w tym s\u0142u\u017c\u0105cemu aktywizacji os\u00f3b starszych, os\u00f3b o niskich kwalifikacjach, os\u00f3b z niepe\u0142nosprawno\u015bciami miasta Tomasz\u00f3w Lubelski w okresie 01.05.2025 \u2013 30.06.2026 r.<\/li>\n<\/ul>\n\n\n\n<ul class=\"wp-block-list\">\n<li>utrzymanie zaanga\u017cowania edukacyjnego os\u00f3b doros\u0142ych mieszka\u0144c\u00f3w miasta Tomasz\u00f3w Lubelski, przez dob\u00f3r odpowiednich form i zakresu oferty edukacyjnej, dostosowanej do indywidualnych potrzeb i oczekiwa\u0144, w okresie 01.05.2025 \u2013 30.06.2026 r.<\/li>\n<\/ul>\n\n\n\n<ul class=\"wp-block-list\">\n<li>aktywizowanie instytucji i organizacji z otoczenia szk\u00f3\u0142 i plac\u00f3wek na rzecz rozwoju umiej\u0119tno\u015bci doros\u0142ych w spo\u0142eczno\u015bci lokalnej miasta Tomasz\u00f3w Lubelski w okresie 01.05.2025 \u2013 30.06.2026 r.<\/li>\n<\/ul>\n\n\n\n<p>Planuje si\u0119 realizacj\u0119 m.in. nast\u0119puj\u0105cych zada\u0144:<\/p>\n\n\n\n<p>1 Artystyczna przestrze\u0144 \u2013 rozwijanie kompetencji tw\u00f3rczych, zdrowotnych i ekologicznych<\/p>\n\n\n\n<p>2 Cyfrowy przygoda \u2013 rozwijanie kompetencji cyfrowych<\/p>\n\n\n\n<p>3 Aktywny obywatel \u2013 rozwijanie kompetencji edukacyjnych i spo\u0142ecznych<\/p>\n\n\n\n<p>4 Lokalna wsp\u00f3\u0142praca \u2013 aktywizowanie instytucji i organizacji z otoczenia szk\u00f3\u0142 i plac\u00f3wek na rzecz rozwoju umiej\u0119tno\u015bci doros\u0142ych w spo\u0142eczno\u015bci lokalnej<\/p>\n\n\n\n<p>Miar\u0105 osi\u0105gni\u0119cia efekt\u00f3w i cel\u00f3w projektu b\u0119d\u0105 m.in. nw. wska\u017aniki:<\/p>\n\n\n\n<ul class=\"wp-block-list\">\n<li>\u00a0Liczba podmiot\u00f3w przygotowanych do pe\u0142nienia funkcji lokalnego o\u015brodka kszta\u0142cenia os\u00f3b doros\u0142ych- 1<\/li>\n<\/ul>\n\n\n\n<ul class=\"wp-block-list\">\n<li>Liczba os\u00f3b obj\u0119tych wsparciem w ramach projektu- 200 os\u00f3b w tym: 130K i 70M<\/li>\n<\/ul>\n\n\n\n<ul class=\"wp-block-list\">\n<li>Liczba os\u00f3b, kt\u00f3re uzyska\u0142y kwalifikacje po opuszczeniu programu- 180 w tym: 117K i 63M<\/li>\n<\/ul>\n\n\n\n<ul class=\"wp-block-list\">\n<li>Liczba os\u00f3b, kt\u00f3re uzyska\u0142y kwalifikacje cyfrowe po opuszczeniu programu- 16 w tym: 11K i 5M<\/li>\n<\/ul>\n\n\n\n<p>Koszt realizacji ca\u0142o\u015bci projektu wyniesie: 315 562,50 z\u0142<\/p>\n\n\n\n<p>Dofinansowanie \u2013 95%, w tym:<\/p>\n\n\n\n<p>dofinansowanie ze \u015brodk\u00f3w Unii Europejskiej \u2013 299 784,37 z\u0142,<\/p>\n\n\n\n<p>dofinansowanie ze \u015brodk\u00f3w Bud\u017cetu Pa\u0144stwa- 0,00 z\u0142,<\/p>\n\n\n\n<p>dofinansowanie z Bud\u017cetu Jednostki Samorz\u0105du Terytorialnego\u2013 15 778,13 z\u0142.<\/p>\n\n\n\n<p><a href=\"https:\/\/www.facebook.com\/hashtag\/funduszeeuropejskie?__eep__=6&amp;__cft__%5b0%5d=AZXfSP4VIImeeJLUMeSICHmTyrRnuVrrP_rOGp503rq4K1qD7CyUknJ9eVpcpfQWmX9KFuTwJrjneVmQ-WUfdMdygolTxfs75If7Q23wVrme5hsnthWGeTALi2MuzWfrpl_GAkTZS13V4vML7qCO9KTnijR3bE-zXYjJy5_wQ1cf1c4M5afXqckcs60gQFSym74&amp;__tn__=*NK-R\">#FunduszeEuropejskie<\/a>, <a href=\"https:\/\/www.facebook.com\/hashtag\/funduszeue?__eep__=6&amp;__cft__%5b0%5d=AZXfSP4VIImeeJLUMeSICHmTyrRnuVrrP_rOGp503rq4K1qD7CyUknJ9eVpcpfQWmX9KFuTwJrjneVmQ-WUfdMdygolTxfs75If7Q23wVrme5hsnthWGeTALi2MuzWfrpl_GAkTZS13V4vML7qCO9KTnijR3bE-zXYjJy5_wQ1cf1c4M5afXqckcs60gQFSym74&amp;__tn__=*NK-R\">#FunduszeUE<\/a><\/p>\n","protected":false},"excerpt":{"rendered":"<p>Miasto Tomasz\u00f3w Lubelski w partnerstwie z Fundacj\u0105 Rozwoju Inicjatyw Obywatelskich realizuje projekt \u201eLokalny Punkt wsparcia kszta\u0142cenia os\u00f3b doros\u0142ych w Tomaszowie Lubelskim\u201d G\u0142\u00f3wnym celem projektu jest aktywizacja edukacyjna os\u00f3b doros\u0142ych, w szczeg\u00f3lno\u015bci z utrudnionym dost\u0119pem do odpowiadaj\u0105cych na ich potrzeby ofert edukacyjnych, w otoczeniu szk\u00f3\u0142 i plac\u00f3wek systemu o\u015bwiaty do rozwijania swoich umiej\u0119tno\u015bci i w\u0142\u0105czania si\u0119 [&hellip;]<\/p>\n","protected":false},"author":1,"featured_media":0,"parent":148,"menu_order":0,"comment_status":"closed","ping_status":"closed","template":"","meta":{"footnotes":""},"class_list":["post-96","page","type-page","status-publish","hentry"],"_links":{"self":[{"href":"https:\/\/frio.lublin.pl\/wordpress\/index.php\/wp-json\/wp\/v2\/pages\/96","targetHints":{"allow":["GET"]}}],"collection":[{"href":"https:\/\/frio.lublin.pl\/wordpress\/index.php\/wp-json\/wp\/v2\/pages"}],"about":[{"href":"https:\/\/frio.lublin.pl\/wordpress\/index.php\/wp-json\/wp\/v2\/types\/page"}],"author":[{"embeddable":true,"href":"https:\/\/frio.lublin.pl\/wordpress\/index.php\/wp-json\/wp\/v2\/users\/1"}],"replies":[{"embeddable":true,"href":"https:\/\/frio.lublin.pl\/wordpress\/index.php\/wp-json\/wp\/v2\/comments?post=96"}],"version-history":[{"count":1,"href":"https:\/\/frio.lublin.pl\/wordpress\/index.php\/wp-json\/wp\/v2\/pages\/96\/revisions"}],"predecessor-version":[{"id":97,"href":"https:\/\/frio.lublin.pl\/wordpress\/index.php\/wp-json\/wp\/v2\/pages\/96\/revisions\/97"}],"up":[{"embeddable":true,"href":"https:\/\/frio.lublin.pl\/wordpress\/index.php\/wp-json\/wp\/v2\/pages\/148"}],"wp:attachment":[{"href":"https:\/\/frio.lublin.pl\/wordpress\/index.php\/wp-json\/wp\/v2\/media?parent=96"}],"curies":[{"name":"wp","href":"https:\/\/api.w.org\/{rel}","templated":true}]}}