{"id":88,"date":"2025-07-29T09:14:55","date_gmt":"2025-07-29T09:14:55","guid":{"rendered":"https:\/\/frio.lublin.pl\/wordpress\/?page_id=88"},"modified":"2026-03-03T15:41:02","modified_gmt":"2026-03-03T15:41:02","slug":"rozwoj-specjalistycznego-poradnictwa-dla-rodzin-z-powiatu-lubelskiego","status":"publish","type":"page","link":"https:\/\/frio.lublin.pl\/wordpress\/index.php\/projekty\/rozwoj-specjalistycznego-poradnictwa-dla-rodzin-z-powiatu-lubelskiego\/","title":{"rendered":"Rozw\u00f3j specjalistycznego poradnictwa dla rodzin z powiatu lubelskiego"},"content":{"rendered":"\n<figure class=\"wp-block-image size-large\"><img loading=\"lazy\" decoding=\"async\" width=\"1024\" height=\"109\" src=\"https:\/\/frio.lublin.pl\/wordpress\/wp-content\/uploads\/2025\/02\/FEL_logotyp_kolor_poziom-1024x109.png\" alt=\"\" class=\"wp-image-49\" srcset=\"https:\/\/frio.lublin.pl\/wordpress\/wp-content\/uploads\/2025\/02\/FEL_logotyp_kolor_poziom-1024x109.png 1024w, https:\/\/frio.lublin.pl\/wordpress\/wp-content\/uploads\/2025\/02\/FEL_logotyp_kolor_poziom-300x32.png 300w, https:\/\/frio.lublin.pl\/wordpress\/wp-content\/uploads\/2025\/02\/FEL_logotyp_kolor_poziom-768x82.png 768w, https:\/\/frio.lublin.pl\/wordpress\/wp-content\/uploads\/2025\/02\/FEL_logotyp_kolor_poziom-1536x163.png 1536w, https:\/\/frio.lublin.pl\/wordpress\/wp-content\/uploads\/2025\/02\/FEL_logotyp_kolor_poziom-2048x218.png 2048w\" sizes=\"auto, (max-width: 1024px) 100vw, 1024px\" \/><\/figure>\n\n\n\n<p>Fundacja Rozwoju Inicjatyw Obywatelskich w partnerstwie z Gmin\u0105 Jab\u0142onna \/Gminnym O\u015brodkiem Pomocy Spo\u0142ecznej w Jab\u0142onnie, Gmin\u0105 Krzczon\u00f3w \/O\u015brodkiem Pomocy Spo\u0142ecznej w Krzczonowie oraz Gmin\u0105 Niedrzwica Du\u017ca \/O\u015brodkiem Pomocy Spo\u0142ecznej w&nbsp;Niedrzwicy Du\u017cej zaprasza do udzia\u0142u w projekcie.<\/p>\n\n\n\n<p>Celem projektu jest wsparcie kompetencji 210 os\u00f3b (w tym 140 kobiet i 70 m\u0119\u017cczyzn) z rodzin wychowuj\u0105cych dzieci, w tym prze\u017cywaj\u0105cych trudno\u015bci opieku\u0144czo-wychowawcze oraz w&nbsp;zakresie przeciwdzia\u0142ania przemocy w rodzinie oraz realizacj\u0119 kompleksowego wsparcia ju\u017c istniej\u0105cych rodzin zast\u0119pczych lub rodzinnych dom\u00f3w dziecka poprzez specjalistyczne us\u0142ugi w okresie 01.07.2025-30.06.2027 r. na terenie Gmin Jab\u0142onna, Krzczon\u00f3w i Niedrzwica Du\u017ca.<\/p>\n\n\n\n<p>Cele szczeg\u00f3\u0142owe:<\/p>\n\n\n\n<p>-Wspieranie kompetencji 210 os\u00f3b z rodzin wychowuj\u0105cych dzieci, w tym prze\u017cywaj\u0105cych trudno\u015bci opieku\u0144czo-wychowawcze oraz w zakresie przeciwdzia\u0142aniu przemocy w rodzinie w&nbsp;okresie 07.2025-06.2027r.<\/p>\n\n\n\n<p>-Rozw\u00f3j us\u0142ug specjalistycznych i interwencyjnych dla rodzin wychowuj\u0105cych dzieci, w tym prze\u017cywaj\u0105cych trudno\u015bci opieku\u0144czo-wychowawcze oraz w zakresie przeciwdzia\u0142ania przemocy, w tym przemocy w rodzinie w okresie 07.25-06.27r.<\/p>\n\n\n\n<p>-Wspieranie kompetencji 6 rodzin zast\u0119pczych lub rodzinnych dom\u00f3w dziecka w okresie 07.25-06.27r<\/p>\n\n\n\n<p>-Zapewnienie dost\u0119pu do us\u0142ug m.in. poradnictwa psychologicznego, psychologicznego dla dzieci, prawnego, logopedycznego, dietetycznego, socjalnego, rodzinnego, terapii rodzinnej, mediacji rodzinnej, specjalisty ds. uzale\u017cnie\u0144 i wsp\u00f3\u0142uzale\u017cnie\u0144 oraz ds. przemocy 210 osobom w rodzinach w okresie 07.2025-06.2027r.<\/p>\n\n\n\n<p>Grup\u0119 docelow\u0105 projektu stanowi\u0105 210 os\u00f3b, w tym 140 kobiet,70m\u0119\u017cczyzn, 6 os\u00f3b z&nbsp;niepe\u0142nosprawno\u015bci\u0105: s\u0105 to rodziny z dzie\u0107mi w tym prze\u017cywaj\u0105ce trudno\u015bci opieku\u0144czo-wychowawcze oraz potrzebuj\u0105ce wsparcia w zakresie przeciwdzia\u0142ania przemocy w rodzinach. Projekt zak\u0142ada wsparcie skierowane do rodzic\u00f3w i opiekun\u00f3w prawnych oraz dedykowane dzieciom i m\u0142odzie\u017cy, a tak\u017ce realizacj\u0119 kompleksowego wsparcia ju\u017c istniej\u0105cych rodzin zast\u0119pczych lub rodzinnych dom\u00f3w dziecka.<\/p>\n\n\n\n<p>W ramach projektu zaplanowano rozw\u00f3j kompleksowych us\u0142ug:<\/p>\n\n\n\n<p>1. Specjalistyczne poradnictwo dla rodzin<\/p>\n\n\n\n<p>\u25cf Poradnictwo psychologiczne<\/p>\n\n\n\n<p>\u25cf Poradnictwo psychologiczne dzieci\u0119ce<\/p>\n\n\n\n<p>\u25cf Terapia rodzinna<\/p>\n\n\n\n<p>\u25cf Poradnictwo prawne<\/p>\n\n\n\n<p>\u25cf Poradnictwo specjalisty ds. uzale\u017cnienia i wsp\u00f3\u0142uzale\u017cnienia w tym w zakresie problem\u00f3w alkoholowych<\/p>\n\n\n\n<p>\u25cf Poradnictwo w zakresie przemocy domowej<\/p>\n\n\n\n<p>\u25cf Poradnictwo logopedyczne<\/p>\n\n\n\n<p>\u25cf Poradnictwo dietetyczne<\/p>\n\n\n\n<p>\u25cf Poradnictwo socjalne<\/p>\n\n\n\n<p>Instrument b\u0119dzie \u015bwiadczony dla uczestnik\u00f3w oraz otoczenia w postaci:<br>\u2022 konsultacji stacjonarnych \u015bwiadczonych na terenie ka\u017cdej gminy<br>\u2022 poradnictwa mobilnego \u015bwiadczonego w miejscu zamieszkania wg indywidualnych potrzeb rodzin.<\/p>\n\n\n\n<p>2. Dzia\u0142ania profilaktyczne wspieraj\u0105ce rodzin\u0119<\/p>\n\n\n\n<p>\u25cf Trening z zakresu umiej\u0119tno\u015bci opieku\u0144czo-wychowawczych<\/p>\n\n\n\n<p>\u25cf Warsztat kompetencji spo\u0142ecznych dla dzieci i m\u0142odzie\u017cy<\/p>\n\n\n\n<p>\u25cf Warsztat &#8222;Wi\u0119zi rodzinne&#8221; dla ca\u0142ych rodzin<\/p>\n\n\n\n<p>\u25cf Warsztat &#8222;Nastolatek &#8211; droga ku doros\u0142o\u015bci&#8221; dla rodzic\u00f3w<\/p>\n\n\n\n<p>\u25cf Warsztat z pierwszej<\/p>\n\n\n\n<p>Okres realizacji projektu: 01.07.2025-30.06.2027r<\/p>\n\n\n\n<p>Ca\u0142kowita warto\u015b\u0107 projektu:&nbsp; 1&nbsp;721&nbsp;132,10 PLN<\/p>\n\n\n\n<p>Dofinansowanie UE: 1 539 960,30 PLN<\/p>\n\n\n\n<p>Wk\u0142ad w\u0142asny: 90&nbsp;585,90&nbsp;PLN<\/p>\n\n\n\n<p>Rezultatem dzia\u0142a\u0144 b\u0119dzie:<\/p>\n\n\n\n<p>\u2013 210 os\u00f3b obj\u0119tych wsparciem w projekcie<\/p>\n\n\n\n<p>\u2013 12 os\u00f3b obj\u0119tych us\u0142ugami w zakresie wspierania rodziny i pieczy zast\u0119pczej<br>\u2013 Zapewnienie dost\u0119pu do us\u0142ug m.in. poradnictwa specjalistycznego, psychologicznego, psychologicznego dla dzieci, prawnego, terapii i socjalnego 210 osobom w rodzinach.<\/p>\n\n\n\n<p>Realizator projektu: Fundacja Rozwoju Inicjatyw Obywatelskich<\/p>\n\n\n\n<p>Partnerzy projektu: <\/p>\n\n\n\n<p>Gmina Jab\u0142onna \/Gminny O\u015brodek Pomocy Spo\u0142ecznej w Jab\u0142onnie<\/p>\n\n\n\n<p>Gmina Krzczon\u00f3w \/O\u015brodek Pomocy Spo\u0142ecznej w Krzczonowie<\/p>\n\n\n\n<p>Gmina Niedrzwica Du\u017ca \/O\u015brodek Pomocy Spo\u0142ecznej w Niedrzwicy Du\u017cej<\/p>\n\n\n\n<p>Projekt jest dofinansowany ze \u015brodk\u00f3w Europejskiego Funduszu Spo\u0142ecznego Plus w ramach programu Fundusze Europejskie dla Lubelskiego 2021-2027<\/p>\n\n\n\n<details class=\"wp-block-details is-layout-flow wp-block-details-is-layout-flow\"><summary>Formularz rekrutacyjny <\/summary>\n<div data-wp-interactive=\"core\/file\" class=\"wp-block-file\"><object data-wp-bind--hidden=\"!state.hasPdfPreview\" hidden class=\"wp-block-file__embed\" data=\"https:\/\/frio.lublin.pl\/wordpress\/wp-content\/uploads\/2026\/03\/formularz-rekrutacyjny-12-1.pdf\" type=\"application\/pdf\" style=\"width:100%;height:600px\" aria-label=\"Osadzone z formularz-rekrutacyjny-1(2).\"><\/object><a id=\"wp-block-file--media-85290bc3-772e-4579-8267-7630673ae08e\" href=\"https:\/\/frio.lublin.pl\/wordpress\/wp-content\/uploads\/2026\/03\/formularz-rekrutacyjny-12-1.pdf\">formularz-rekrutacyjny-1(2)<\/a><a href=\"https:\/\/frio.lublin.pl\/wordpress\/wp-content\/uploads\/2026\/03\/formularz-rekrutacyjny-12-1.pdf\" class=\"wp-block-file__button wp-element-button\" download aria-describedby=\"wp-block-file--media-85290bc3-772e-4579-8267-7630673ae08e\">Pobierz<\/a><\/div>\n<\/details>\n\n\n\n<details class=\"wp-block-details is-layout-flow wp-block-details-is-layout-flow\"><summary>Deklaracja uczestnictwa<\/summary>\n<div data-wp-interactive=\"core\/file\" class=\"wp-block-file\"><object data-wp-bind--hidden=\"!state.hasPdfPreview\" hidden class=\"wp-block-file__embed\" data=\"https:\/\/frio.lublin.pl\/wordpress\/wp-content\/uploads\/2026\/03\/Deklaracja-uczestnictwa-5.pdf\" type=\"application\/pdf\" style=\"width:100%;height:600px\" aria-label=\"Osadzone z Deklaracja uczestnictwa (5).\"><\/object><a id=\"wp-block-file--media-4d215f30-bda2-48a7-abc0-d32e151c546a\" href=\"https:\/\/frio.lublin.pl\/wordpress\/wp-content\/uploads\/2026\/03\/Deklaracja-uczestnictwa-5.pdf\">Deklaracja uczestnictwa (5)<\/a><a href=\"https:\/\/frio.lublin.pl\/wordpress\/wp-content\/uploads\/2026\/03\/Deklaracja-uczestnictwa-5.pdf\" class=\"wp-block-file__button wp-element-button\" download aria-describedby=\"wp-block-file--media-4d215f30-bda2-48a7-abc0-d32e151c546a\">Pobierz<\/a><\/div>\n<\/details>\n\n\n\n<details class=\"wp-block-details is-layout-flow wp-block-details-is-layout-flow\"><summary>O\u015bwiadczenie uczestnika<\/summary>\n<div data-wp-interactive=\"core\/file\" class=\"wp-block-file\"><object data-wp-bind--hidden=\"!state.hasPdfPreview\" hidden class=\"wp-block-file__embed\" data=\"https:\/\/frio.lublin.pl\/wordpress\/wp-content\/uploads\/2026\/03\/Oswiadczenie-uczestnika-projektu-3.pdf\" type=\"application\/pdf\" style=\"width:100%;height:600px\" aria-label=\"Osadzone z O\u015bwiadczenie-uczestnika-projektu (3).\"><\/object><a id=\"wp-block-file--media-57eb2e2b-c1ca-4c9b-b338-9ae492db87fc\" href=\"https:\/\/frio.lublin.pl\/wordpress\/wp-content\/uploads\/2026\/03\/Oswiadczenie-uczestnika-projektu-3.pdf\">O\u015bwiadczenie-uczestnika-projektu (3)<\/a><a href=\"https:\/\/frio.lublin.pl\/wordpress\/wp-content\/uploads\/2026\/03\/Oswiadczenie-uczestnika-projektu-3.pdf\" class=\"wp-block-file__button wp-element-button\" download aria-describedby=\"wp-block-file--media-57eb2e2b-c1ca-4c9b-b338-9ae492db87fc\">Pobierz<\/a><\/div>\n<\/details>\n\n\n\n<details class=\"wp-block-details is-layout-flow wp-block-details-is-layout-flow\"><summary>Regulamin rekrutacji i uczestnictwa<\/summary>\n<div data-wp-interactive=\"core\/file\" class=\"wp-block-file\"><object data-wp-bind--hidden=\"!state.hasPdfPreview\" hidden class=\"wp-block-file__embed\" data=\"https:\/\/frio.lublin.pl\/wordpress\/wp-content\/uploads\/2026\/03\/Regulamin-rekrutacji-i-uczestnictwa-2.pdf\" type=\"application\/pdf\" style=\"width:100%;height:600px\" aria-label=\"Osadzone z Regulamin-rekrutacji-i-uczestnictwa.\"><\/object><a id=\"wp-block-file--media-dececee2-eccf-4265-86ae-75f87cb84e66\" href=\"https:\/\/frio.lublin.pl\/wordpress\/wp-content\/uploads\/2026\/03\/Regulamin-rekrutacji-i-uczestnictwa-2.pdf\">Regulamin-rekrutacji-i-uczestnictwa<\/a><a href=\"https:\/\/frio.lublin.pl\/wordpress\/wp-content\/uploads\/2026\/03\/Regulamin-rekrutacji-i-uczestnictwa-2.pdf\" class=\"wp-block-file__button wp-element-button\" download aria-describedby=\"wp-block-file--media-dececee2-eccf-4265-86ae-75f87cb84e66\">Pobierz<\/a><\/div>\n<\/details>\n\n\n\n<p><a href=\"https:\/\/www.facebook.com\/hashtag\/funduszeue?__eep__=6&amp;__cft__%5b0%5d=AZUIMOPHyPI7dfY0a6FpUVBcY9l7WKR3UXEZu8v5W-uCdV7YbMoCmay8cquTWHieCLzpxizoRY9BQKd2yIE9yOqQ4At232Cv6UrJ5_s0KVBs-R_q2oEcTWoirDobZnvvaOdiDVettbUKpQwz7VuInQLojdLxG1CaUKMrXX6vqVzhAoPbhwy2BwqCUorqDd-7pQU&amp;__tn__=*NK-R\">#FunduszeUE<\/a><\/p>\n\n\n\n<p><a href=\"https:\/\/www.facebook.com\/hashtag\/fundusze?__eep__=6&amp;__cft__%5b0%5d=AZUIMOPHyPI7dfY0a6FpUVBcY9l7WKR3UXEZu8v5W-uCdV7YbMoCmay8cquTWHieCLzpxizoRY9BQKd2yIE9yOqQ4At232Cv6UrJ5_s0KVBs-R_q2oEcTWoirDobZnvvaOdiDVettbUKpQwz7VuInQLojdLxG1CaUKMrXX6vqVzhAoPbhwy2BwqCUorqDd-7pQU&amp;__tn__=*NK-R\">#Fundusze<\/a>Europejskie<\/p>\n\n\n\n<p><\/p>\n","protected":false},"excerpt":{"rendered":"<p>Fundacja Rozwoju Inicjatyw Obywatelskich w partnerstwie z Gmin\u0105 Jab\u0142onna \/Gminnym O\u015brodkiem Pomocy Spo\u0142ecznej w Jab\u0142onnie, Gmin\u0105 Krzczon\u00f3w \/O\u015brodkiem Pomocy Spo\u0142ecznej w Krzczonowie oraz Gmin\u0105 Niedrzwica Du\u017ca \/O\u015brodkiem Pomocy Spo\u0142ecznej w&nbsp;Niedrzwicy Du\u017cej zaprasza do udzia\u0142u w projekcie. Celem projektu jest wsparcie kompetencji 210 os\u00f3b (w tym 140 kobiet i 70 m\u0119\u017cczyzn) z rodzin wychowuj\u0105cych dzieci, w [&hellip;]<\/p>\n","protected":false},"author":1,"featured_media":0,"parent":71,"menu_order":0,"comment_status":"closed","ping_status":"closed","template":"","meta":{"footnotes":""},"class_list":["post-88","page","type-page","status-publish","hentry"],"_links":{"self":[{"href":"https:\/\/frio.lublin.pl\/wordpress\/index.php\/wp-json\/wp\/v2\/pages\/88","targetHints":{"allow":["GET"]}}],"collection":[{"href":"https:\/\/frio.lublin.pl\/wordpress\/index.php\/wp-json\/wp\/v2\/pages"}],"about":[{"href":"https:\/\/frio.lublin.pl\/wordpress\/index.php\/wp-json\/wp\/v2\/types\/page"}],"author":[{"embeddable":true,"href":"https:\/\/frio.lublin.pl\/wordpress\/index.php\/wp-json\/wp\/v2\/users\/1"}],"replies":[{"embeddable":true,"href":"https:\/\/frio.lublin.pl\/wordpress\/index.php\/wp-json\/wp\/v2\/comments?post=88"}],"version-history":[{"count":6,"href":"https:\/\/frio.lublin.pl\/wordpress\/index.php\/wp-json\/wp\/v2\/pages\/88\/revisions"}],"predecessor-version":[{"id":166,"href":"https:\/\/frio.lublin.pl\/wordpress\/index.php\/wp-json\/wp\/v2\/pages\/88\/revisions\/166"}],"up":[{"embeddable":true,"href":"https:\/\/frio.lublin.pl\/wordpress\/index.php\/wp-json\/wp\/v2\/pages\/71"}],"wp:attachment":[{"href":"https:\/\/frio.lublin.pl\/wordpress\/index.php\/wp-json\/wp\/v2\/media?parent=88"}],"curies":[{"name":"wp","href":"https:\/\/api.w.org\/{rel}","templated":true}]}}