{"id":69,"date":"2025-06-25T14:01:06","date_gmt":"2025-06-25T14:01:06","guid":{"rendered":"https:\/\/frio.lublin.pl\/wordpress\/?page_id=69"},"modified":"2026-03-03T14:31:39","modified_gmt":"2026-03-03T14:31:39","slug":"projekt-iskra-dla-edukacji","status":"publish","type":"page","link":"https:\/\/frio.lublin.pl\/wordpress\/index.php\/projekty-partnerskie\/projekt-iskra-dla-edukacji\/","title":{"rendered":"ISKRA dla edukacji"},"content":{"rendered":"\n<p>ISKRA \u2013 EDUKACJA ANIMACJA SZKOLENIA SP. Z O. O. w partnerstwie z Fundacj\u0105 Rozwoju Inicjatyw Obywatelskich rozpocz\u0119\u0142a realizacj\u0119 projektu pt. \u201dISKRA dla edukacji\u201d, nr projektu: FELU.10.06-IZ.00-0010\/24.<\/p>\n\n\n\n<p>G\u0142\u00f3wnym <a><\/a>celem projektu jest utworzenie lokalnego punktu wsparcia kszta\u0142cenia os\u00f3b doros\u0142ych, w tym s\u0142u\u017c\u0105cemu aktywizacji os\u00f3b starszych, os\u00f3b o niskich kwalifikacjach, os\u00f3b z niepe\u0142nosprawno\u015bciami z miasta Lublin, gminy Niemce i gminy Konopnica w okresie 01.06.2025r. \u2013 30.06.2026 r.<\/p>\n\n\n\n<p>Grup\u0119 docelow\u0105 stanowi\u0105 osoby doros\u0142e o niskich umiej\u0119tno\u015bciach lub kompetencjach podstawowych, osoby doros\u0142e, kt\u00f3re z w\u0142asnej inicjatywy chc\u0105 nabywa\u0107 kompetencje lub kwalifikacje, podmioty tworz\u0105ce lokalne punkty wsparcia kszta\u0142cenia os\u00f3b doros\u0142ych. Projekt obejmie wsparciem minimum 200 os\u00f3b doros\u0142ych (w tym 130 kobiet i 70 m\u0119\u017cczyzn) w ramach jednego lokalnego o\u015brodka kszta\u0142cenia os\u00f3b doros\u0142ych,<\/p>\n\n\n\n<p>W ramach projektu zaplanowano rozw\u00f3j kompleksowych us\u0142ug, kt\u00f3re przyczyni\u0105 si\u0119 do realizacji celu g\u0142\u00f3wnego:<\/p>\n\n\n\n<p>Artystyczna przestrze\u0144 \u2013 rozwijanie kompetencji tw\u00f3rczych, zdrowotnych i ekologicznych<\/p>\n\n\n\n<p>Cyfrowy przygoda \u2013 rozwijanie kompetencji cyfrowych<\/p>\n\n\n\n<p>Aktywny obywatel \u2013 rozwijanie kompetencji edukacyjnych i spo\u0142ecznych<\/p>\n\n\n\n<p>Lokalna wsp\u00f3\u0142praca \u2013 aktywizowanie instytucji i organizacji z otoczenia szk\u00f3\u0142 i plac\u00f3wek na rzecz rozwoju umiej\u0119tno\u015bci doros\u0142ych w spo\u0142eczno\u015bci lokalnej Interwencja zak\u0142ada realizacj\u0119 dzia\u0142a\u0144 na rzecz uczenia si\u0119 przez ca\u0142e \u017cycie w szczeg\u00f3lno\u015bci na rzecz os\u00f3b starszych, os\u00f3b o niskich kwalifikacjach oraz os\u00f3b z niepe\u0142nosprawno\u015bciami. produktu projektu.<\/p>\n\n\n\n<p>Realizacja projektu przyczyni si\u0119 do osi\u0105gni\u0119cia zaplanowanych wska\u017anik\u00f3w rezultatu i produkt\u00f3w:<\/p>\n\n\n\n<p>Wzrost o 80% poziomu integracji spo\u0142ecznej i umiej\u0119tno\u015bci spo\u0142ecznych u 200 os.(130 K i 70 M) poprzez udzia\u0142 w warsztatach i spotkaniach integracyjnych od 01.06.2025 \u2013 30.06.2026 r.<\/p>\n\n\n\n<p>Wzrost kompetencji tw\u00f3rczych, zdrowotnych, ekologicznych, cyfrowych i\/lub edukacyjnych poprzez warsztaty, doradztwo i integracj\u0119 200 os\u00f3b w okresie od 01.06.2025 \u2013 30.06.2026 r.<\/p>\n\n\n\n<p>Okres realizacji projektu: 01.06.205 r. \u2013 30.06.2026 r.<\/p>\n\n\n\n<p>Ca\u0142kowita warto\u015b\u0107 projektu: 315 700,00 z\u0142<\/p>\n\n\n\n<p>Dofinansowanie UE: 299 915 z\u0142<\/p>\n\n\n\n<p>Wk\u0142ad w\u0142asny: 15 785,00 z\u0142<\/p>\n\n\n\n<p>Projekt jest wsp\u00f3\u0142finansowany ze \u015brodk\u00f3w Europejskiego Funduszu Spo\u0142ecznego Plus w ramach Programu Fundusze Europejskie dla Lubelskiego 2021-2027; Priorytetu FELU.10.00, Dzia\u0142anie FELU.10.6.<\/p>\n\n\n\n<figure class=\"wp-block-image size-large\"><img loading=\"lazy\" decoding=\"async\" width=\"1024\" height=\"109\" src=\"https:\/\/frio.lublin.pl\/wordpress\/wp-content\/uploads\/2025\/02\/FEL_logotyp_kolor_poziom-1024x109.png\" alt=\"\" class=\"wp-image-49\" srcset=\"https:\/\/frio.lublin.pl\/wordpress\/wp-content\/uploads\/2025\/02\/FEL_logotyp_kolor_poziom-1024x109.png 1024w, https:\/\/frio.lublin.pl\/wordpress\/wp-content\/uploads\/2025\/02\/FEL_logotyp_kolor_poziom-300x32.png 300w, https:\/\/frio.lublin.pl\/wordpress\/wp-content\/uploads\/2025\/02\/FEL_logotyp_kolor_poziom-768x82.png 768w, https:\/\/frio.lublin.pl\/wordpress\/wp-content\/uploads\/2025\/02\/FEL_logotyp_kolor_poziom-1536x163.png 1536w, https:\/\/frio.lublin.pl\/wordpress\/wp-content\/uploads\/2025\/02\/FEL_logotyp_kolor_poziom-2048x218.png 2048w\" sizes=\"auto, (max-width: 1024px) 100vw, 1024px\" \/><\/figure>\n\n\n\n<p><\/p>\n\n\n\n<p><strong>REKRUTACJA<\/strong><\/p>\n\n\n\n<p>Fundacja Rozwoju Inicjatyw Obywatelskich (Partner Projektu) w partnerstwie z Iskr\u0105 \u2013 Edukacja Animacja Szkolenia sp. z o.o. (Lider Projektu) realizuje projekt pt. \u201dISKRA dla edukacji\u201d, nr projektu: FELU.10.06-IZ.00-0010\/24.<\/p>\n\n\n\n<p>Og\u0142asza nab\u00f3r uczestnik\u00f3w projektu na bezp\u0142atne <strong>zaj\u0119cia z j\u0119zyka angielskiego<\/strong> \u2013 poziom podstawowy. Zaj\u0119cia b\u0119d\u0105 si\u0119 odbywa\u0142y \u015brednio 2 razy w tygodniu po 2 godz. lekcyjne. Miejsce \u2013 ul. Frezer\u00f3w 3, 20-221 Lublin<\/p>\n\n\n\n<p>Wst\u0119pny harmonogram zaj\u0119\u0107:<\/p>\n\n\n\n<p>Gr. I : godz. : 14:30-16:00<\/p>\n\n\n\n<p>Gr. II:&nbsp; godz.: 16:15-17:45<\/p>\n\n\n\n<figure class=\"wp-block-table\"><table class=\"has-fixed-layout\"><tbody><tr><td><br>2026 r.<\/td><td>czw.<\/td><td>pt.<\/td><td>czw.<\/td><td>pt.<\/td><td>czw.<\/td><td>pt.<\/td><td>czw.<\/td><td>&nbsp; pt.<\/td><\/tr><tr><td>LUTY<\/td><td>5<\/td><td>6<\/td><td>12<\/td><td>13<\/td><td>19<\/td><td>20<\/td><td>26<\/td><td>27<\/td><\/tr><tr><td>MARZEC<\/td><td>5<\/td><td>6<\/td><td>12<\/td><td>13<\/td><td>19<\/td><td>20<\/td><td>26<\/td><td>27<\/td><\/tr><tr><td>KWIECIE\u0143<\/td><td>9<\/td><td>10<\/td><td>16<\/td><td>17<\/td><td>23<\/td><td>24<\/td><td>30<\/td><td>&nbsp;<\/td><\/tr><tr><td>MAJ<\/td><td>7<\/td><td>8<\/td><td>14<\/td><td>15<\/td><td>21<\/td><td>22<\/td><td>28<\/td><td>29<\/td><\/tr><tr><td>CZERWIEC<\/td><td>11<\/td><td>12<\/td><td>18<\/td><td>19<\/td><td><\/td><td><\/td><td><\/td><td>&nbsp;<\/td><\/tr><\/tbody><\/table><\/figure>\n\n\n\n<p>Rekrutacja startuje 26 stycznia i potrwa do 2 lutego 2026r.<\/p>\n\n\n\n<p><strong>Dokumenty rekrutacyjne mog\u0105 by\u0107 sk\u0142adane w zaadresowanej kopercie\u00a0 pt. \u201eBiuro partnera Projektu \u2013 Fundacja Rozwoju Inicjatyw Obywatelskich, Ul. Frezer\u00f3w 3, 20-209 Lublin,<\/strong><strong>\u00a0pok. III 5<\/strong><strong>\u2033<\/strong><strong>\u00a0w administracji budynku na parterze, ul.\u00a0 Frezer\u00f3w 3, w godz. 8.00-16.00<\/strong><\/p>\n\n\n\n<p><strong>oraz drog\u0105 mail-ow\u0105 na adres: <\/strong><a href=\"mailto:frio.projekty@gmail.com\">frio.projekty@gmail.com<\/a><\/p>\n\n\n\n<p><a href=\"https:\/\/iskra.edu.pl\/wp-content\/uploads\/2025\/07\/FORMULARZ-REKRUTACYJNY.pdf\">FORMULARZ REKRUTACYJNY<\/a><\/p>\n\n\n\n<p><a href=\"https:\/\/iskra.edu.pl\/wp-content\/uploads\/2025\/07\/Deklaracja-uczestnictwa.pdf\">Deklaracja-uczestnictwa<\/a><\/p>\n\n\n\n<p><a href=\"https:\/\/iskra.edu.pl\/wp-content\/uploads\/2025\/07\/KlauzulaRodo.pdf\">KlauzulaRodo<\/a><\/p>\n\n\n\n<p><a href=\"https:\/\/iskra.edu.pl\/wp-content\/uploads\/2025\/07\/Karta-uczestnictwa.pdf\">Karta-uczestnictwa<\/a><\/p>\n\n\n\n<p>Kryterium decyduj\u0105ce o udziale w projekcie w przypadku uzyskania tej samej ilo\u015bci punkt\u00f3w: W przypadku uzyskania tej samej liczby punkt\u00f3w przez uczestnik\u00f3w decyduj\u0105ca dla kolejno\u015bci na li\u015bcie b\u0119dzie mia\u0142a kolejno\u015b\u0107 zg\u0142osze\u0144. W przypadku, gdy liczba os\u00f3b ch\u0119tnych, spe\u0142niaj\u0105cych kryteria przewy\u017cszy liczb\u0119 miejsc, zostanie utworzona lista rezerwowa.<\/p>\n\n\n\n<p><a href=\"https:\/\/iskra.edu.pl\/wp-content\/uploads\/2025\/07\/Regulamin-rekrutacji-i-uczestnictwa.pdf\">Regulamin rekrutacji-i-uczestnictwa<\/a><\/p>\n\n\n\n<p>Zapraszamy do udzia\u0142u !<\/p>\n\n\n\n<p><strong>#FunduszeUE&nbsp;&nbsp;&nbsp; #FunduszeEuropejskie<\/strong><\/p>\n\n\n\n<p>Projekt jest wsp\u00f3\u0142finansowany ze&nbsp; \u015brodk\u00f3w Europejskiego Funduszu Spo\u0142ecznego Plus w ramach Programu Fundusze Europejskie dla Lubelskiego 2021-2027; Priorytetu FELU.10.00, Dzia\u0142anie FELU.10.6.<\/p>\n\n\n\n<p><\/p>\n","protected":false},"excerpt":{"rendered":"<p>ISKRA \u2013 EDUKACJA ANIMACJA SZKOLENIA SP. Z O. O. w partnerstwie z Fundacj\u0105 Rozwoju Inicjatyw Obywatelskich rozpocz\u0119\u0142a realizacj\u0119 projektu pt. \u201dISKRA dla edukacji\u201d, nr projektu: FELU.10.06-IZ.00-0010\/24. G\u0142\u00f3wnym celem projektu jest utworzenie lokalnego punktu wsparcia kszta\u0142cenia os\u00f3b doros\u0142ych, w tym s\u0142u\u017c\u0105cemu aktywizacji os\u00f3b starszych, os\u00f3b o niskich kwalifikacjach, os\u00f3b z niepe\u0142nosprawno\u015bciami z miasta Lublin, gminy Niemce [&hellip;]<\/p>\n","protected":false},"author":1,"featured_media":0,"parent":148,"menu_order":0,"comment_status":"closed","ping_status":"closed","template":"","meta":{"footnotes":""},"class_list":["post-69","page","type-page","status-publish","hentry"],"_links":{"self":[{"href":"https:\/\/frio.lublin.pl\/wordpress\/index.php\/wp-json\/wp\/v2\/pages\/69","targetHints":{"allow":["GET"]}}],"collection":[{"href":"https:\/\/frio.lublin.pl\/wordpress\/index.php\/wp-json\/wp\/v2\/pages"}],"about":[{"href":"https:\/\/frio.lublin.pl\/wordpress\/index.php\/wp-json\/wp\/v2\/types\/page"}],"author":[{"embeddable":true,"href":"https:\/\/frio.lublin.pl\/wordpress\/index.php\/wp-json\/wp\/v2\/users\/1"}],"replies":[{"embeddable":true,"href":"https:\/\/frio.lublin.pl\/wordpress\/index.php\/wp-json\/wp\/v2\/comments?post=69"}],"version-history":[{"count":4,"href":"https:\/\/frio.lublin.pl\/wordpress\/index.php\/wp-json\/wp\/v2\/pages\/69\/revisions"}],"predecessor-version":[{"id":157,"href":"https:\/\/frio.lublin.pl\/wordpress\/index.php\/wp-json\/wp\/v2\/pages\/69\/revisions\/157"}],"up":[{"embeddable":true,"href":"https:\/\/frio.lublin.pl\/wordpress\/index.php\/wp-json\/wp\/v2\/pages\/148"}],"wp:attachment":[{"href":"https:\/\/frio.lublin.pl\/wordpress\/index.php\/wp-json\/wp\/v2\/media?parent=69"}],"curies":[{"name":"wp","href":"https:\/\/api.w.org\/{rel}","templated":true}]}}