{"id":64,"date":"2025-06-25T13:52:54","date_gmt":"2025-06-25T13:52:54","guid":{"rendered":"https:\/\/frio.lublin.pl\/wordpress\/?page_id=64"},"modified":"2026-03-03T14:30:33","modified_gmt":"2026-03-03T14:30:33","slug":"wygrane-rodziny-w-tomaszowie-lubelskim","status":"publish","type":"page","link":"https:\/\/frio.lublin.pl\/wordpress\/index.php\/projekty-partnerskie\/wygrane-rodziny-w-tomaszowie-lubelskim\/","title":{"rendered":"Wygrane rodziny w Tomaszowie Lubelskim"},"content":{"rendered":"\n<p>Projekt \u201eWygrane rodziny w Tomaszowie Lubelskim\u201d realizowany jest przez Miasto Tomasz\u00f3w Lubelski\/Miejski O\u015brodek Pomocy Spo\u0142ecznej w Tomaszowie Lubelskim w partnerstwie z Fundacj\u0105 Rozwoju Inicjatyw Obywatelskich oraz Stowarzyszeniem LTM \u2013 Lubi\u0119 To Miasto w okresie od 01.01.2025 r. do 30.04.2027 r.<\/p>\n\n\n\n<p>Celem projektu jest wprowadzenie w gminie Tomasz\u00f3w Lubelski modelu wzmacniania kapita\u0142u rodzin w okresie od 01.2025r. do 04.2027r.<br>Cele szczeg\u00f3\u0142owe:<br>1. Wsparcie w codziennym funkcjonowaniu 15 rodzin (63 osoby: 31 kobiet, 32 m\u0119\u017cczyzn)<br>dotkni\u0119tych problemem dziedziczenia biedy w Tomaszowie Lubelskim do 04.2027r.<br>2. Zbudowanie lokalnej koalicji na rzecz wprowadzenia w Tomaszowie Lubelskim modelu<br>wzmacniaj\u0105cego rodziny do 04.2027r.<\/p>\n\n\n\n<p>G\u0142\u00f3wne rezultaty:<br>1. Miasto Tomasz\u00f3w Lubelski skaluj\u0105ce model wsparcia rodziny.<br>2. 15 rodzin dotkni\u0119tych problemem dziedziczenia biedy obj\u0119tych wsparciem w ramach projektu w tym 63 osoby (31 kobiet i 32 m\u0119\u017cczyzn).<\/p>\n\n\n\n<p>Grup\u0105 docelow\u0105 s\u0105 rodziny z problemami opieku\u0144czo-wychowawczymi o dziedziczonej formie ub\u00f3stwa wraz z ich najbli\u017cszym s\u0105siedztwem z koncentracj\u0105 uwagi na pokoleniu znajduj\u0105cym si\u0119 w okresie wczesnego dzieci\u0144stwa i w okresie edukacji szkolnej. A tak\u017ce przedstawiciele lokalnych podmiot\u00f3w realizuj\u0105cych wsparcie na rzecz rodzin.<\/p>\n\n\n\n<p>W ramach projektu zostan\u0105 zrealizowane nast\u0119puj\u0105ce dzia\u0142ania:<br>-Dostosowanie modelu do lokalnych uwarunkowa\u0144 oraz zbudowanie lokalnej koalicji na rzecz jego wprowadzenia w \u017cycie na obszarze realizacji projektu<br>-Rekrutacja rodzin, kt\u00f3re wymagaj\u0105 wzmocnienia kapita\u0142u spo\u0142ecznego, i przeprowadzenie diagnozy ich potrzeb.<br>-Realizacja lokalnego systemu wsparcia dla zrekrutowanych rodzin, zgodnie z modelem &#8211; pakiet podstawowy, w tym:<br>-Wsparcie asystent\u00f3w rodziny, mentora ds. rozwoju dzieci i m\u0142odzie\u017cy oraz lidera procesu edukacyjnego<br>-Warsztaty wyjazdowe \u201ePoznajmy si\u0119 jako osoby niepowtarzalne i wyj\u0105tkowe\u201d<br>-Warsztaty dla rodzic\u00f3w z obszaru komunikacji oraz doradztwo indywidualne<br>-Warsztaty kompetencji spo\u0142ecznych dla dzieci i m\u0142odzie\u017cy<br>-Warsztaty dla rodzin &#8222;Komunikacja w rodzinie\u201d<br>-Warsztaty dla rodzic\u00f3w &#8222;Bezpieczny dom&#8221;<br>-Warsztaty edukacja dla zdrowia psychicznego dla dzieci i m\u0142odzie\u017cy<br>-Wyjazdowe warsztaty dla rodzin \u201eWychowanie do warto\u015bci i planowanie przysz\u0142o\u015bci, czyli scenariusze rodzin\u0105 pisane&#8221;<br>-Realizacja lokalnego systemu wsparcia dla zrekrutowanych rodzin, zgodnie z modelem &#8211; pakiet rozszerzony, w tym:<br>-Wsparcie psychologa, psychiatry<br>-Pakiet na rozw\u00f3j talent\u00f3w dla dzieci<br>-Laboratoria dla dzieci m\u0142odzie\u017cy<br>-Doradztwo zawodowe dla dzieci i m\u0142odzie\u017cy<br>-Warsztaty dla rodzic\u00f3w z zakresu umiej\u0119tno\u015bci wychowawczych<br>-Warsztaty &#8222;Wi\u0119zi rodzinne\u201d<br>-Warsztaty dla rodzic\u00f3w &#8222;Asertywny rodzic<br>-Warsztaty dla rodzic\u00f3w &#8222;Nastolatek &#8211; droga ku doros\u0142o\u015bci&#8221;<br>&#8217;Warsztaty profilaktycznymi dla rodzic\u00f3w z zakresu przeciwdzia\u0142ania z przemocy, profilaktyki uzale\u017cnie\u0144 i edukacji seksualnej &#8211; dla rodzic\u00f3w<br>-Warsztaty profilaktycznymi dla dzieci z zakresu przeciwdzia\u0142ania przemocy, profilaktyki uzale\u017cnie\u0144 &#8211; dla dzieci i m\u0142odzie\u017cy<br>-Warsztaty edukacji finansowej wraz doradztwem indywidualnym<br>-Warsztaty z pierwszej pomocy<br>-Us\u0142ugi opieku\u0144cze i specjalistyczne dla rodzin<\/p>\n\n\n\n<p>Podczas warsztat\u00f3w zostan\u0105 zapewnione przerwy kawowe, a tak\u017ce obiady. Dla najm\u0142odszych dzieci zostanie zapewniona opieka, podczas, gdy rodzice b\u0119d\u0105 uczestniczy\u0107 w dzia\u0142aniach projektowych.<\/p>\n\n\n\n<p>Osoby zainteresowane udzia\u0142em w Projekcie \u201eWygrane rodziny w Tomaszowie Lubelskim\u201d zapraszamy do kontaktu z Miejskim O\u015brodkiem Pomocy Spo\u0142ecznej w Tomaszowie Lubelskim \u260e\ufe0f\ud83d\udce7<\/p>\n\n\n\n<p>Warto\u015b\u0107 projektu: 2 087 454,00 z\u0142<br>Warto\u015b\u0107 dofinansowania ze \u015brodk\u00f3w europejskich: 1 983 081,30 z\u0142<\/p>\n\n\n\n<p>Projekt jest wsp\u00f3\u0142finansowany ze \u015brodk\u00f3w Unii Europejskiej, Europejskiego Funduszu Spo\u0142ecznego PLUS, w ramach programu Fundusze Europejskie dla Rozwoju Spo\u0142ecznego 2021-2027, Priorytet V \u201eInnowacje spo\u0142eczne (innowacyjne dzia\u0142ania spo\u0142eczne)\u201d.<\/p>\n\n\n\n<figure class=\"wp-block-image size-full\"><img loading=\"lazy\" decoding=\"async\" width=\"1024\" height=\"141\" src=\"https:\/\/frio.lublin.pl\/wordpress\/wp-content\/uploads\/2025\/06\/image-2.png\" alt=\"\" class=\"wp-image-60\" srcset=\"https:\/\/frio.lublin.pl\/wordpress\/wp-content\/uploads\/2025\/06\/image-2.png 1024w, https:\/\/frio.lublin.pl\/wordpress\/wp-content\/uploads\/2025\/06\/image-2-300x41.png 300w, https:\/\/frio.lublin.pl\/wordpress\/wp-content\/uploads\/2025\/06\/image-2-768x106.png 768w\" sizes=\"auto, (max-width: 1024px) 100vw, 1024px\" \/><\/figure>\n","protected":false},"excerpt":{"rendered":"<p>Projekt \u201eWygrane rodziny w Tomaszowie Lubelskim\u201d realizowany jest przez Miasto Tomasz\u00f3w Lubelski\/Miejski O\u015brodek Pomocy Spo\u0142ecznej w Tomaszowie Lubelskim w partnerstwie z Fundacj\u0105 Rozwoju Inicjatyw Obywatelskich oraz Stowarzyszeniem LTM \u2013 Lubi\u0119 To Miasto w okresie od 01.01.2025 r. do 30.04.2027 r. Celem projektu jest wprowadzenie w gminie Tomasz\u00f3w Lubelski modelu wzmacniania kapita\u0142u rodzin w okresie od [&hellip;]<\/p>\n","protected":false},"author":1,"featured_media":0,"parent":148,"menu_order":6,"comment_status":"closed","ping_status":"closed","template":"","meta":{"footnotes":""},"class_list":["post-64","page","type-page","status-publish","hentry"],"_links":{"self":[{"href":"https:\/\/frio.lublin.pl\/wordpress\/index.php\/wp-json\/wp\/v2\/pages\/64","targetHints":{"allow":["GET"]}}],"collection":[{"href":"https:\/\/frio.lublin.pl\/wordpress\/index.php\/wp-json\/wp\/v2\/pages"}],"about":[{"href":"https:\/\/frio.lublin.pl\/wordpress\/index.php\/wp-json\/wp\/v2\/types\/page"}],"author":[{"embeddable":true,"href":"https:\/\/frio.lublin.pl\/wordpress\/index.php\/wp-json\/wp\/v2\/users\/1"}],"replies":[{"embeddable":true,"href":"https:\/\/frio.lublin.pl\/wordpress\/index.php\/wp-json\/wp\/v2\/comments?post=64"}],"version-history":[{"count":3,"href":"https:\/\/frio.lublin.pl\/wordpress\/index.php\/wp-json\/wp\/v2\/pages\/64\/revisions"}],"predecessor-version":[{"id":154,"href":"https:\/\/frio.lublin.pl\/wordpress\/index.php\/wp-json\/wp\/v2\/pages\/64\/revisions\/154"}],"up":[{"embeddable":true,"href":"https:\/\/frio.lublin.pl\/wordpress\/index.php\/wp-json\/wp\/v2\/pages\/148"}],"wp:attachment":[{"href":"https:\/\/frio.lublin.pl\/wordpress\/index.php\/wp-json\/wp\/v2\/media?parent=64"}],"curies":[{"name":"wp","href":"https:\/\/api.w.org\/{rel}","templated":true}]}}