{"id":55,"date":"2025-06-15T22:30:40","date_gmt":"2025-06-15T22:30:40","guid":{"rendered":"https:\/\/frio.lublin.pl\/wordpress\/?page_id=55"},"modified":"2026-03-03T14:31:24","modified_gmt":"2026-03-03T14:31:24","slug":"projekt-w-rodzinie-sila","status":"publish","type":"page","link":"https:\/\/frio.lublin.pl\/wordpress\/index.php\/projekty-partnerskie\/projekt-w-rodzinie-sila\/","title":{"rendered":"W rodzinie si\u0142a"},"content":{"rendered":"\n<figure class=\"wp-block-image size-full\"><img loading=\"lazy\" decoding=\"async\" width=\"945\" height=\"149\" src=\"https:\/\/frio.lublin.pl\/wordpress\/wp-content\/uploads\/2025\/06\/image.png\" alt=\"\" class=\"wp-image-56\" srcset=\"https:\/\/frio.lublin.pl\/wordpress\/wp-content\/uploads\/2025\/06\/image.png 945w, https:\/\/frio.lublin.pl\/wordpress\/wp-content\/uploads\/2025\/06\/image-300x47.png 300w, https:\/\/frio.lublin.pl\/wordpress\/wp-content\/uploads\/2025\/06\/image-768x121.png 768w\" sizes=\"auto, (max-width: 945px) 100vw, 945px\" \/><\/figure>\n\n\n\n<p><strong>W rodzinie si\u0142a<\/strong><\/p>\n\n\n\n<p><strong>Projekt \u201eW rodzinie si\u0142a\u201d<\/strong>&nbsp;realizowany jest przez O\u015brodek Pomocy Spo\u0142ecznej w Wojciechowie w partnerstwie z Fundacj\u0105 Rozwoju Inicjatyw Obywatelskich w okresie od 01.01.2025 r. do 30.04.2027 r.<\/p>\n\n\n\n<p><strong>Celem projektu<\/strong>&nbsp;jest wprowadzenie w gminie Wojciech\u00f3w modelu wzmacniania kapita\u0142u rodzin w okresie od stycznia 2025 r. do kwietnia 2027 r.<\/p>\n\n\n\n<p><strong>Cele szczeg\u00f3\u0142owe:<\/strong>&nbsp;<\/p>\n\n\n\n<p>Wsparcie w codziennym funkcjonowaniu 16 rodzin (80 os\u00f3b: 48 kobiet, 32 m\u0119\u017cczyzn) dotkni\u0119tych problemem dziedziczenia ub\u00f3stwa w gminie Wojciech\u00f3w oraz zbudowanie do kwietnia 2027 r. lokalnej koalicji na rzecz wprowadzenia do modelu wzmacniaj\u0105cego rodziny.<\/p>\n\n\n\n<p><strong>G\u0142\u00f3wne rezultaty:<\/strong><\/p>\n\n\n\n<p>Gmina Wojciech\u00f3w skaluj\u0105ca model wsparcia rodziny dla 16 rodzin dotkni\u0119tych problemem dziedziczenia ub\u00f3stwa obj\u0119tych wsparciem w ramach projektu w tym 80 os\u00f3b (48 kobiet i 32 m\u0119\u017cczyzn).<\/p>\n\n\n\n<p><strong>Grup\u0105 docelow\u0105<\/strong>&nbsp;s\u0105 rodziny z problemami opieku\u0144czo-wychowawczymi o dziedziczonej formie ub\u00f3stwa wraz z ich najbli\u017cszym s\u0105siedztwem&nbsp;<br>z koncentracj\u0105 uwagi na pokoleniu znajduj\u0105cym si\u0119 w okresie wczesnego dzieci\u0144stwa i w okresie edukacji szkolnej, a tak\u017ce przedstawiciele lokalnych podmiot\u00f3w realizuj\u0105cych wsparcie na rzecz rodzin.<\/p>\n\n\n\n<p><strong>W ramach projektu zostan\u0105 zrealizowane nast\u0119puj\u0105ce dzia\u0142ania:<\/strong><\/p>\n\n\n\n<p>&nbsp;&#8211; Dostosowanie modelu do lokalnych uwarunkowa\u0144 oraz zbudowanie lokalnej koalicji na rzecz jego wprowadzenia w \u017cycie.<\/p>\n\n\n\n<p>&#8211; Rekrutacja rodzin, kt\u00f3re wymagaj\u0105 wzmocnienia kapita\u0142u spo\u0142ecznego, i przeprowadzenie diagnozy ich potrzeb.<\/p>\n\n\n\n<p>&#8211; Realizacja lokalnego systemu wsparcia dla zrekrutowanych rodzin, zgodnie z modelem &#8211; pakiet podstawowy, w tym:<\/p>\n\n\n\n<p>&#8211; Wsparcie asystent\u00f3w rodziny, mentora ds. rozwoju dzieci i m\u0142odzie\u017cy oraz lidera procesu edukacyjnego<\/p>\n\n\n\n<p>&#8211; Warsztaty wyjazdowe \u201ePoznajmy si\u0119 jako osoby niepowtarzalne i wyj\u0105tkowe\u201d.<\/p>\n\n\n\n<p>&#8211; Warsztaty dla rodzic\u00f3w z obszaru komunikacji oraz doradztwo indywidualne.<\/p>\n\n\n\n<p>&#8211; Warsztaty kompetencji spo\u0142ecznych dla dzieci i m\u0142odzie\u017cy.<\/p>\n\n\n\n<p>&#8211; Warsztaty dla rodzin &#8222;Komunikacja w rodzinie\u201d.<\/p>\n\n\n\n<p>&#8211; Warsztaty dla rodzic\u00f3w &#8222;Bezpieczny dom&#8221;.<\/p>\n\n\n\n<p>&#8211; Warsztaty edukacja dla zdrowia psychicznego dla dzieci i m\u0142odzie\u017cy.<\/p>\n\n\n\n<p>&#8211; Wyjazdowe warsztaty dla rodzin \u201eWychowanie do warto\u015bci i planowanie przysz\u0142o\u015bci, czyli scenariusze rodzin\u0105 pisane&#8221;.<\/p>\n\n\n\n<p>&#8211; Realizacja lokalnego systemu wsparcia dla zrekrutowanych rodzin, zgodnie z modelem &#8211; pakiet rozszerzony, w tym:<\/p>\n\n\n\n<p>&#8211; Wsparcie psychologa, psychiatry.<\/p>\n\n\n\n<p>&#8211; Pakiet na rozw\u00f3j talent\u00f3w dla dzieci.<\/p>\n\n\n\n<p>&#8211; Laboratoria dla dzieci m\u0142odzie\u017cy.<\/p>\n\n\n\n<p>-Doradztwo zawodowe dla dzieci i m\u0142odzie\u017cy.<\/p>\n\n\n\n<p>&#8211; Warsztaty dla rodzic\u00f3w z zakresu umiej\u0119tno\u015bci wychowawczych.<\/p>\n\n\n\n<p>&#8211; Warsztaty &#8222;Wi\u0119zi rodzinne\u201d.<\/p>\n\n\n\n<p>&#8211; Warsztaty dla rodzic\u00f3w &#8222;Asertywny rodzic.<\/p>\n\n\n\n<p>&#8211; Warsztaty dla rodzic\u00f3w &#8222;Nastolatek &#8211; droga ku doros\u0142o\u015bci&#8221;.<\/p>\n\n\n\n<p>&#8211; Warsztaty profilaktyczne dla rodzic\u00f3w z zakresu przeciwdzia\u0142ania przemocy, profilaktyki uzale\u017cnie\u0144 i edukacji seksualnej.<\/p>\n\n\n\n<p>&#8211; Warsztaty profilaktyczne dla dzieci i m\u0142odzie\u017cy z zakresu przeciwdzia\u0142ania przemocy, profilaktyki uzale\u017cnie\u0144.<\/p>\n\n\n\n<p>&#8211; Warsztaty edukacji finansowej wraz doradztwem indywidualnym.&nbsp;<\/p>\n\n\n\n<p>&#8211; Warsztaty z pierwszej pomocy.&nbsp;<\/p>\n\n\n\n<p>&#8211; Us\u0142ugi opieku\u0144cze i specjalistyczne dla rodzin.<\/p>\n\n\n\n<p><strong>Podczas warsztat\u00f3w<\/strong>&nbsp;zostan\u0105 zapewnione przerwy kawowe, a tak\u017ce obiady. Dla najm\u0142odszych dzieci zostanie zapewniona opieka, podczas, gdy rodzice b\u0119d\u0105 uczestniczy\u0107 w dzia\u0142aniach projektowych.<\/p>\n\n\n\n<p>Osoby zainteresowane udzia\u0142em w Projekcie \u201eW rodzinie si\u0142a\u201d zapraszamy do kontaktu z O\u015brodkiem Pomocy Spo\u0142ecznej w Wojciechowie adres Wojciech\u00f3w 3, 24-204 Wojciech\u00f3w, telefon 81-517-79-95, adres e-mail ops@opswojciechow.pl.<\/p>\n\n\n\n<p>Warto\u015b\u0107 projektu:&nbsp;<strong>2 087 892,00 z\u0142.<\/strong><\/p>\n\n\n\n<p>Warto\u015b\u0107 dofinansowania ze \u015brodk\u00f3w europejskich:&nbsp;<strong>1 983 497,40 z\u0142.<\/strong><\/p>\n\n\n\n<p><strong>Projekt jest wsp\u00f3\u0142finansowany ze \u015brodk\u00f3w Unii Europejskiej, Europejskiego Funduszu Spo\u0142ecznego PLUS, w ramach programu Fundusze Europejskie dla Rozwoju Spo\u0142ecznego 2021-2027, Priorytet V \u201eInnowacje spo\u0142eczne (innowacyjne dzia\u0142ania spo\u0142eczne)\u201d.<\/strong><\/p>\n\n\n\n<p><strong>#FunduszeUE i #FunduszeEuropejskie<\/strong><\/p>\n\n\n\n<p>Projekt jest realizowany przez Gmin\u0119 Wojciech\u00f3w\/O\u015brodek Pomocy Spo\u0142ecznej w Wojciechowie w partnerstwie z Fundacj\u0105 Rozwoju Inicjatyw Obywatelskich<\/p>\n\n\n\n<figure class=\"wp-block-image size-large\"><img loading=\"lazy\" decoding=\"async\" width=\"1024\" height=\"724\" src=\"https:\/\/frio.lublin.pl\/wordpress\/wp-content\/uploads\/2025\/06\/image-1-1024x724.png\" alt=\"\" class=\"wp-image-57\" srcset=\"https:\/\/frio.lublin.pl\/wordpress\/wp-content\/uploads\/2025\/06\/image-1-1024x724.png 1024w, https:\/\/frio.lublin.pl\/wordpress\/wp-content\/uploads\/2025\/06\/image-1-300x212.png 300w, https:\/\/frio.lublin.pl\/wordpress\/wp-content\/uploads\/2025\/06\/image-1-768x543.png 768w, https:\/\/frio.lublin.pl\/wordpress\/wp-content\/uploads\/2025\/06\/image-1-1536x1086.png 1536w, https:\/\/frio.lublin.pl\/wordpress\/wp-content\/uploads\/2025\/06\/image-1-2048x1448.png 2048w\" sizes=\"auto, (max-width: 1024px) 100vw, 1024px\" \/><\/figure>\n","protected":false},"excerpt":{"rendered":"<p>W rodzinie si\u0142a Projekt \u201eW rodzinie si\u0142a\u201d&nbsp;realizowany jest przez O\u015brodek Pomocy Spo\u0142ecznej w Wojciechowie w partnerstwie z Fundacj\u0105 Rozwoju Inicjatyw Obywatelskich w okresie od 01.01.2025 r. do 30.04.2027 r. Celem projektu&nbsp;jest wprowadzenie w gminie Wojciech\u00f3w modelu wzmacniania kapita\u0142u rodzin w okresie od stycznia 2025 r. do kwietnia 2027 r. Cele szczeg\u00f3\u0142owe:&nbsp; Wsparcie w codziennym funkcjonowaniu [&hellip;]<\/p>\n","protected":false},"author":1,"featured_media":0,"parent":148,"menu_order":0,"comment_status":"closed","ping_status":"closed","template":"","meta":{"footnotes":""},"class_list":["post-55","page","type-page","status-publish","hentry"],"_links":{"self":[{"href":"https:\/\/frio.lublin.pl\/wordpress\/index.php\/wp-json\/wp\/v2\/pages\/55","targetHints":{"allow":["GET"]}}],"collection":[{"href":"https:\/\/frio.lublin.pl\/wordpress\/index.php\/wp-json\/wp\/v2\/pages"}],"about":[{"href":"https:\/\/frio.lublin.pl\/wordpress\/index.php\/wp-json\/wp\/v2\/types\/page"}],"author":[{"embeddable":true,"href":"https:\/\/frio.lublin.pl\/wordpress\/index.php\/wp-json\/wp\/v2\/users\/1"}],"replies":[{"embeddable":true,"href":"https:\/\/frio.lublin.pl\/wordpress\/index.php\/wp-json\/wp\/v2\/comments?post=55"}],"version-history":[{"count":2,"href":"https:\/\/frio.lublin.pl\/wordpress\/index.php\/wp-json\/wp\/v2\/pages\/55\/revisions"}],"predecessor-version":[{"id":155,"href":"https:\/\/frio.lublin.pl\/wordpress\/index.php\/wp-json\/wp\/v2\/pages\/55\/revisions\/155"}],"up":[{"embeddable":true,"href":"https:\/\/frio.lublin.pl\/wordpress\/index.php\/wp-json\/wp\/v2\/pages\/148"}],"wp:attachment":[{"href":"https:\/\/frio.lublin.pl\/wordpress\/index.php\/wp-json\/wp\/v2\/media?parent=55"}],"curies":[{"name":"wp","href":"https:\/\/api.w.org\/{rel}","templated":true}]}}