{"id":20,"date":"2025-02-13T14:01:21","date_gmt":"2025-02-13T14:01:21","guid":{"rendered":"https:\/\/frio.lublin.pl\/wordpress\/?page_id=20"},"modified":"2025-02-13T14:01:21","modified_gmt":"2025-02-13T14:01:21","slug":"o-nas","status":"publish","type":"page","link":"https:\/\/frio.lublin.pl\/wordpress\/index.php\/o-nas\/","title":{"rendered":"O NAS"},"content":{"rendered":"\n<p><strong>Fundacja Rozwoju Inicjatyw Obywatelskich jest organizacj\u0105 pozarz\u0105dow\u0105 nakierowan\u0105 na rozw\u00f3j spo\u0142ecze\u0144stwa obywatelskiego i postaw obywatelskich.<\/strong><\/p>\n\n\n\n<p><strong>Cele dzia\u0142a\u0144 Fundacji to:<\/strong><\/p>\n\n\n\n<ul class=\"wp-block-list\">\n<li>Wsparcie dla dzia\u0142a\u0144 wspomagaj\u0105cych rozw\u00f3j demokracji w Polsce i poza jej granicami, ochron\u0119 praw i wolno\u015bci cz\u0142owieka i obywatela oraz r\u00f3wnouprawnienie p\u0142ci,<\/li>\n\n\n\n<li>Upowszechnienie w\u015br\u00f3d m\u0142odzie\u017cy i spo\u0142eczno\u015bci akademickiej postaw aktywno\u015bci spo\u0142ecznej,<\/li>\n\n\n\n<li>Integracja spo\u0142eczna i przeciwdzia\u0142anie wykluczeniu spo\u0142ecznemu (m.in. na rzecz os\u00f3b niepe\u0142nosprawnych, ubogich, starszych oraz dzieci i m\u0142odzie\u017cy, mniejszo\u015bci narodowych, etnicznych i religijnych, imigrant\u00f3w, uchod\u017ac\u00f3w oraz grup ze \u015brodowisk patologicznych lub teren\u00f3w zaniedbanych gospodarczo, spo\u0142ecznie, kulturowo),<\/li>\n\n\n\n<li>Rozw\u00f3j integracji europejskiej oraz wsp\u00f3\u0142pracy mi\u0119dzy spo\u0142ecze\u0144stwami na arenie mi\u0119dzynarodowej oraz wsparcie na rzecz zbli\u017cenia narod\u00f3w i pa\u0144stw, a tak\u017ce r\u00f3\u017cnorodnych kultur i tradycji,<\/li>\n\n\n\n<li>Upowszechnienie nauki, o\u015bwiaty, edukacji i wychowania ze szczeg\u00f3lnym uwzgl\u0119dnieniem rozwoju edukacji nieformalnej i kszta\u0142cenia ustawicznego,<\/li>\n\n\n\n<li>Promocja kultury i dziedzictwa narodowego Polski na arenie mi\u0119dzynarodowej ze szczeg\u00f3lnym uwzgl\u0119dnieniem Lublina i Lubelszczyzny,<\/li>\n\n\n\n<li>Wsparcie na rzecz tworzenia si\u0119 spo\u0142ecze\u0144stwa informacyjnego,<\/li>\n\n\n\n<li>Wzmocnienie wi\u0119zi \u0142\u0105cz\u0105cych miasto Lublin z jego miastami partnerskimi,<\/li>\n\n\n\n<li>Pog\u0142\u0119bienie wiedzy na temat zjawisk spo\u0142ecznych, ekonomicznych i politycznych,<\/li>\n\n\n\n<li>Wsparcie na rzecz nowatorskich rozwi\u0105za\u0144 w r\u00f3\u017cnorodnych dziedzinach \u017cycia spo\u0142ecznego, a szczeg\u00f3lnie w ochronie \u017cycia rodzinnego i profilaktyce spo\u0142ecznej, promocji zdrowia, pomocy spo\u0142ecznej, sportu i turystyki, dzia\u0142alno\u015bci charytatywnej, promocji kultury i sztuki, kszta\u0142towaniu postaw proekologicznych, ochrony zwierz\u0105t i dziedzictwa przyrodniczego,<\/li>\n\n\n\n<li>Merytoryczne i organizacyjne wsparcie dla dzia\u0142a\u0144 z zakresu ekonomii spo\u0142ecznej, rynku pracy, aktywizacji bezrobotnych w spo\u0142eczno\u015bciach lokalnych,<\/li>\n\n\n\n<li>Wsparcie i promocja dzia\u0142alno\u015bci nastawionej na rozw\u00f3j gospodarczy, w tym przedsi\u0119biorczo\u015bci poprzez podnoszenie kwalifikacji zawodowych lokalnych kadr.<\/li>\n\n\n\n<li>Podejmowanie i wspieranie dzia\u0142a\u0144 w zakresie upowszechniania i rozwijania \u015bwiadomo\u015bci spo\u0142ecze\u0144stwa na temat profilaktyki ryzyka uzale\u017cniania od gier pieni\u0119\u017cnych, loterii oraz wspieranie dzia\u0142a\u0144 profilaktycznych i terapeutycznych zwi\u0105zanych z uzale\u017cnieniami,<\/li>\n\n\n\n<li>Promocja konsultacji spo\u0142ecznych, a tak\u017ce uczestnictwo w tych konsultacjach,<\/li>\n\n\n\n<li>Dzia\u0142ania obywatelskie w zakresie oceny jako\u015bci funkcjonowania administracji publicznej (audyt spo\u0142eczny) i zwi\u0119kszania tzw. responsywno\u015bci dzia\u0142a\u0144 administracji publicznej,<\/li>\n\n\n\n<li>Budowanie mechanizm\u00f3w partycypacji i rzecznictwa na rzecz grup pomijanych lub w niewielkim stopniu reprezentowanych w publicznej debacie (np. osoby starsze, osoby pozostaj\u0105ce w skrajnym ub\u00f3stwie, osoby niepe\u0142nosprawne, imigranci, itp.),<\/li>\n\n\n\n<li>Wypracowywanie i upowszechnianie dobrych praktyk w dziedzinie partycypacji obywatelskiej \u2013 technik organizowania debat, referend\u00f3w, petycji, deliberacji, inicjatyw ustawodawczych i uchwa\u0142odawczych, wys\u0142ucha\u0144 publicznych, konsultacji.<\/li>\n<\/ul>\n","protected":false},"excerpt":{"rendered":"<p>Fundacja Rozwoju Inicjatyw Obywatelskich jest organizacj\u0105 pozarz\u0105dow\u0105 nakierowan\u0105 na rozw\u00f3j spo\u0142ecze\u0144stwa obywatelskiego i postaw obywatelskich. Cele dzia\u0142a\u0144 Fundacji to:<\/p>\n","protected":false},"author":1,"featured_media":0,"parent":0,"menu_order":0,"comment_status":"closed","ping_status":"closed","template":"","meta":{"footnotes":""},"class_list":["post-20","page","type-page","status-publish","hentry"],"_links":{"self":[{"href":"https:\/\/frio.lublin.pl\/wordpress\/index.php\/wp-json\/wp\/v2\/pages\/20","targetHints":{"allow":["GET"]}}],"collection":[{"href":"https:\/\/frio.lublin.pl\/wordpress\/index.php\/wp-json\/wp\/v2\/pages"}],"about":[{"href":"https:\/\/frio.lublin.pl\/wordpress\/index.php\/wp-json\/wp\/v2\/types\/page"}],"author":[{"embeddable":true,"href":"https:\/\/frio.lublin.pl\/wordpress\/index.php\/wp-json\/wp\/v2\/users\/1"}],"replies":[{"embeddable":true,"href":"https:\/\/frio.lublin.pl\/wordpress\/index.php\/wp-json\/wp\/v2\/comments?post=20"}],"version-history":[{"count":1,"href":"https:\/\/frio.lublin.pl\/wordpress\/index.php\/wp-json\/wp\/v2\/pages\/20\/revisions"}],"predecessor-version":[{"id":21,"href":"https:\/\/frio.lublin.pl\/wordpress\/index.php\/wp-json\/wp\/v2\/pages\/20\/revisions\/21"}],"wp:attachment":[{"href":"https:\/\/frio.lublin.pl\/wordpress\/index.php\/wp-json\/wp\/v2\/media?parent=20"}],"curies":[{"name":"wp","href":"https:\/\/api.w.org\/{rel}","templated":true}]}}