{"id":2,"date":"2025-02-13T11:52:40","date_gmt":"2025-02-13T11:52:40","guid":{"rendered":"https:\/\/frio.lublin.pl\/wordpress\/?page_id=2"},"modified":"2026-03-03T14:29:43","modified_gmt":"2026-03-03T14:29:43","slug":"sample-page","status":"publish","type":"page","link":"https:\/\/frio.lublin.pl\/wordpress\/index.php\/projekty\/sample-page\/","title":{"rendered":"SPECJALISTYCZNE I INTERWENCYJNE US\u0141UGI WSPARCIA RODZINY"},"content":{"rendered":"\n<figure class=\"wp-block-image size-large\"><img loading=\"lazy\" decoding=\"async\" width=\"1024\" height=\"109\" src=\"https:\/\/frio.lublin.pl\/wordpress\/wp-content\/uploads\/2025\/02\/FEL_logotyp_kolor_poziom-1024x109.png\" alt=\"\" class=\"wp-image-49\" srcset=\"https:\/\/frio.lublin.pl\/wordpress\/wp-content\/uploads\/2025\/02\/FEL_logotyp_kolor_poziom-1024x109.png 1024w, https:\/\/frio.lublin.pl\/wordpress\/wp-content\/uploads\/2025\/02\/FEL_logotyp_kolor_poziom-300x32.png 300w, https:\/\/frio.lublin.pl\/wordpress\/wp-content\/uploads\/2025\/02\/FEL_logotyp_kolor_poziom-768x82.png 768w, https:\/\/frio.lublin.pl\/wordpress\/wp-content\/uploads\/2025\/02\/FEL_logotyp_kolor_poziom-1536x163.png 1536w, https:\/\/frio.lublin.pl\/wordpress\/wp-content\/uploads\/2025\/02\/FEL_logotyp_kolor_poziom-2048x218.png 2048w\" sizes=\"auto, (max-width: 1024px) 100vw, 1024px\" \/><\/figure>\n\n\n\n<p class=\"has-text-align-center has-large-font-size\"><img decoding=\"async\" class=\"wp-image-47\" style=\"width: NaNpx;\" src=\"https:\/\/frio.lublin.pl\/wordpress\/wp-content\/uploads\/2025\/02\/Logotypy-lubelskie-1.pdf\" alt=\"\"><img decoding=\"async\" class=\"wp-image-46\" style=\"width: NaNpx;\" src=\"https:\/\/frio.lublin.pl\/wordpress\/wp-content\/uploads\/2025\/02\/Logotypy-lubelskie.pdf\" alt=\"\"><strong>&#8222;SPECJALISTYCZNE I INTERWENCYJNE US\u0141UGI WSPARCIA RODZINY W WOJEW\u00d3DZTWIE LUBELSKIM&#8221;<\/strong><\/p>\n\n\n\n<p>Celem projektu jest wspieranie integracji spo\u0142ecznej 370 os\u00f3b (w tym 260 kobiet i 110 m\u0119\u017cczyzn) dotkni\u0119tym kryzysem i ich otoczenia poprzez specjalistyczne us\u0142ugi oraz podnoszenie kompetencji 6 os\u00f3b \u015bwiadcz\u0105cych us\u0142ugi interwencji kryzysowej w okresie 01.03.2024-28.02.2026r. na terenie powiatu \u0142ukowskiego.<\/p>\n\n\n\n<p>W ramach projektu zaplanowano rozw\u00f3j kompleksowych us\u0142ug:<\/p>\n\n\n\n<p>1.Us\u0142ugi specjalistyczne i interwencyjne dla os\u00f3b do\u015bwiadczaj\u0105cych kryzysu, przemocy, dyskryminacji<\/p>\n\n\n\n<ul class=\"wp-block-list\">\n<li>Poradnictwo psychologiczne<\/li>\n\n\n\n<li>Poradnictwo psychologiczne dzieci\u0119ce<\/li>\n\n\n\n<li>Terapia rodzinna<\/li>\n\n\n\n<li>Poradnictwo prawne<\/li>\n\n\n\n<li>Poradnictwo specjalisty ds. uzale\u017cnienia i wsp\u00f3\u0142uzale\u017cnienia w tym w zakresie problem\u00f3w alkoholowych<\/li>\n\n\n\n<li>Poradnictwo w zakresie przemocy domowej<\/li>\n\n\n\n<li>Poradnictwo socjalne<\/li>\n<\/ul>\n\n\n\n<p>Instrument b\u0119dzie \u015bwiadczony dla uczestnik\u00f3w oraz otoczenia w postaci:<br>\u2022 konsultacji stacjonarnych \u015bwiadczonych na terenie ka\u017cdej gminy<br>\u2022 poradnictwa mobilnego \u015bwiadczonego w miejscu zamieszkania wg indywidualnych potrzeb rodzin.<\/p>\n\n\n\n<p>2. Grupy wsparcia oraz warsztaty dla os\u00f3b do\u015bwiadczaj\u0105cych kryzysu, przemocy, dyskryminacji<\/p>\n\n\n\n<ul class=\"wp-block-list\">\n<li>warsztaty kompetencji rodzicielskich<\/li>\n\n\n\n<li>spotkania cykliczne grup wsparcia<\/li>\n\n\n\n<li>warsztaty umiej\u0119tno\u015bci spo\u0142ecznych<\/li>\n<\/ul>\n\n\n\n<p>3. Szkolenia doskonal\u0105ce, warsztaty dla kadry \u015bwiadcz\u0105cej us\u0142ugi interwencji kryzysowej<\/p>\n\n\n\n<p><strong>Okres realizacji projektu:<\/strong> 01.03.204 r. \u2013 28.02.2026 r.<\/p>\n\n\n\n<p><strong>Ca\u0142kowita warto\u015b\u0107 projektu:&nbsp;<\/strong>1 296 648,00 z\u0142<\/p>\n\n\n\n<p><strong>Dofinansowanie UE: <\/strong>1 102 150,80 z\u0142<\/p>\n\n\n\n<p><strong>Wk\u0142ad w\u0142asny: <\/strong>64 832,40 z\u0142<\/p>\n\n\n\n<p>Rezultatem dzia\u0142a\u0144 b\u0119dzie:<\/p>\n\n\n\n<p>\u2013 Wsparcie integracji spo\u0142ecznej 370 os\u00f3b zagro\u017conych ub\u00f3stwem lub wykluczeniem spo\u0142ecznym, w tym os\u00f3b najbardziej potrzebuj\u0105cych i dzieci<br>\u2013 Rozw\u00f3j us\u0142ug specjalistycznych i interwencyjnych dla os\u00f3b do\u015bwiadczaj\u0105cych kryzysu, przemocy, dyskryminacji<br>\u2013 Podniesienie kompetencji kadr \u015bwiadcz\u0105cych us\u0142ugi interwencji kryzysowej<br>\u2013 Zapewnienie dost\u0119pu do us\u0142ug m.in. poradnictwa specjalistycznego, psychologicznego, psychologicznego dla dzieci, prawnego, terapii i socjalnego 370 osobom dotkni\u0119tym kryzysem i ich otoczenia.<\/p>\n\n\n\n<p class=\"has-black-color has-text-color has-link-color wp-elements-e51dd37990a1cfcbca8ac57e12a7ef55\">Dokumentacja rekrutacyjna:<\/p>\n\n\n\n<div class=\"wp-block-file\"><a id=\"wp-block-file--media-211eafde-efe3-4d7e-829e-01a6d35d6691\" href=\"https:\/\/frio.lublin.pl\/wordpress\/wp-content\/uploads\/2025\/02\/Regulamin-rekrutacji-i-uczestnictwa1.doc\">Regulamin-rekrutacji i uczestnictwa<\/a><\/div>\n\n\n\n<div class=\"wp-block-file\"><a id=\"wp-block-file--media-eaf4e100-c3b5-4134-9a9f-453dbf8c07d3\" href=\"https:\/\/frio.lublin.pl\/wordpress\/wp-content\/uploads\/2025\/02\/Formularz-rekrutacyjny.doc\">Formularz-rekrutacyjny<\/a><\/div>\n\n\n\n<div class=\"wp-block-file\"><a id=\"wp-block-file--media-3b9f7e57-b460-4b9c-ae48-0eee623354da\" href=\"https:\/\/frio.lublin.pl\/wordpress\/wp-content\/uploads\/2025\/02\/Deklaracja-uczestnictwa.doc\">Deklaracja uczestnictwa<\/a><\/div>\n\n\n\n<div class=\"wp-block-file\"><a id=\"wp-block-file--media-c3add83b-c9d9-4347-81dd-e9b6f96fe7ad\" href=\"https:\/\/frio.lublin.pl\/wordpress\/wp-content\/uploads\/2025\/02\/Oswiadczenie-uczestnika-projektu.doc\">O\u015bwiadczenie-uczestnika-projektu<\/a><\/div>\n\n\n\n<p>Realizator projektu: Fundacja Rozwoju Inicjatyw Obywatelskich<\/p>\n\n\n\n<p>Partnerzy projektu: Gminny O\u015brodek Pomocy Spo\u0142ecznej w Adamowie, Gminny O\u015brodek Pomocy Spo\u0142ecznej w Krzywdzie, Gminny O\u015brodek Pomocy Spo\u0142ecznej w Staninie, Gminny O\u015brodek Pomocy Spo\u0142ecznej w Serokomli, Gminny O\u015brodek Pomocy Spo\u0142ecznej w Trzebieszowie&nbsp; oraz Centrum Us\u0142ug Spo\u0142ecznych w Wojcieszkowie.<\/p>\n\n\n\n<p>#FunduszeUE<\/p>\n\n\n\n<p>#Fundusze Europejskie<\/p>\n\n\n\n<figure class=\"wp-block-image\"><img loading=\"lazy\" decoding=\"async\" width=\"972\" height=\"685\" src=\"https:\/\/frio.lublin.pl\/wordpress\/wp-content\/uploads\/2025\/02\/Obraz1.png\" alt=\"\" class=\"wp-image-11\" srcset=\"https:\/\/frio.lublin.pl\/wordpress\/wp-content\/uploads\/2025\/02\/Obraz1.png 972w, https:\/\/frio.lublin.pl\/wordpress\/wp-content\/uploads\/2025\/02\/Obraz1-300x211.png 300w, https:\/\/frio.lublin.pl\/wordpress\/wp-content\/uploads\/2025\/02\/Obraz1-768x541.png 768w\" sizes=\"auto, (max-width: 972px) 100vw, 972px\" \/><\/figure>\n","protected":false},"excerpt":{"rendered":"<p>&#8222;SPECJALISTYCZNE I INTERWENCYJNE US\u0141UGI WSPARCIA RODZINY W WOJEW\u00d3DZTWIE LUBELSKIM&#8221; Celem projektu jest wspieranie integracji spo\u0142ecznej 370 os\u00f3b (w tym 260 kobiet i 110 m\u0119\u017cczyzn) dotkni\u0119tym kryzysem i ich otoczenia poprzez specjalistyczne us\u0142ugi oraz podnoszenie kompetencji 6 os\u00f3b \u015bwiadcz\u0105cych us\u0142ugi interwencji kryzysowej w okresie 01.03.2024-28.02.2026r. na terenie powiatu \u0142ukowskiego. W ramach projektu zaplanowano rozw\u00f3j kompleksowych us\u0142ug: [&hellip;]<\/p>\n","protected":false},"author":1,"featured_media":0,"parent":71,"menu_order":0,"comment_status":"closed","ping_status":"closed","template":"","meta":{"footnotes":""},"class_list":["post-2","page","type-page","status-publish","hentry"],"_links":{"self":[{"href":"https:\/\/frio.lublin.pl\/wordpress\/index.php\/wp-json\/wp\/v2\/pages\/2","targetHints":{"allow":["GET"]}}],"collection":[{"href":"https:\/\/frio.lublin.pl\/wordpress\/index.php\/wp-json\/wp\/v2\/pages"}],"about":[{"href":"https:\/\/frio.lublin.pl\/wordpress\/index.php\/wp-json\/wp\/v2\/types\/page"}],"author":[{"embeddable":true,"href":"https:\/\/frio.lublin.pl\/wordpress\/index.php\/wp-json\/wp\/v2\/users\/1"}],"replies":[{"embeddable":true,"href":"https:\/\/frio.lublin.pl\/wordpress\/index.php\/wp-json\/wp\/v2\/comments?post=2"}],"version-history":[{"count":7,"href":"https:\/\/frio.lublin.pl\/wordpress\/index.php\/wp-json\/wp\/v2\/pages\/2\/revisions"}],"predecessor-version":[{"id":151,"href":"https:\/\/frio.lublin.pl\/wordpress\/index.php\/wp-json\/wp\/v2\/pages\/2\/revisions\/151"}],"up":[{"embeddable":true,"href":"https:\/\/frio.lublin.pl\/wordpress\/index.php\/wp-json\/wp\/v2\/pages\/71"}],"wp:attachment":[{"href":"https:\/\/frio.lublin.pl\/wordpress\/index.php\/wp-json\/wp\/v2\/media?parent=2"}],"curies":[{"name":"wp","href":"https:\/\/api.w.org\/{rel}","templated":true}]}}