{"id":141,"date":"2026-03-03T13:43:01","date_gmt":"2026-03-03T13:43:01","guid":{"rendered":"https:\/\/frio.lublin.pl\/wordpress\/?page_id=141"},"modified":"2026-03-05T12:31:17","modified_gmt":"2026-03-05T12:31:17","slug":"specjalistyczne-wsparcie-dla-rodzin-z-powiatu-lukowskiego","status":"publish","type":"page","link":"https:\/\/frio.lublin.pl\/wordpress\/index.php\/projekty\/specjalistyczne-wsparcie-dla-rodzin-z-powiatu-lukowskiego\/","title":{"rendered":"Specjalistyczne wsparcie dla rodzin z powiatu \u0142ukowskiego"},"content":{"rendered":"\n<figure class=\"wp-block-image size-large\"><img loading=\"lazy\" decoding=\"async\" width=\"1024\" height=\"109\" src=\"https:\/\/frio.lublin.pl\/wordpress\/wp-content\/uploads\/2025\/02\/FEL_logotyp_kolor_poziom-1024x109.png\" alt=\"\" class=\"wp-image-49\" srcset=\"https:\/\/frio.lublin.pl\/wordpress\/wp-content\/uploads\/2025\/02\/FEL_logotyp_kolor_poziom-1024x109.png 1024w, https:\/\/frio.lublin.pl\/wordpress\/wp-content\/uploads\/2025\/02\/FEL_logotyp_kolor_poziom-300x32.png 300w, https:\/\/frio.lublin.pl\/wordpress\/wp-content\/uploads\/2025\/02\/FEL_logotyp_kolor_poziom-768x82.png 768w, https:\/\/frio.lublin.pl\/wordpress\/wp-content\/uploads\/2025\/02\/FEL_logotyp_kolor_poziom-1536x163.png 1536w, https:\/\/frio.lublin.pl\/wordpress\/wp-content\/uploads\/2025\/02\/FEL_logotyp_kolor_poziom-2048x218.png 2048w\" sizes=\"auto, (max-width: 1024px) 100vw, 1024px\" \/><\/figure>\n\n\n\n<p>Celem projektu jest wsparcie kompetencji 320os\u00f3b (w tym 208kobiet i 112m\u0119\u017cczyzn) z rodzin wychowuj\u0105cych dzieci, w tym prze\u017cywaj\u0105cych trudno\u015bci opieku\u0144czo-wychowawcze oraz w zakresie przeciwdzia\u0142ania przemocy w rodzinie oraz realizacj\u0119 kompleksowego wsparcia ju\u017c istniej\u0105cych rodzin zast\u0119pczych lub rodzinnych dom\u00f3w dziecka poprzez specjalistyczne us\u0142ugi w okresie 01.03.2026-29.02.2028r. na terenie Gmin Adam\u00f3w, Serokomla, Stanin, Trzebiesz\u00f3w i Wojcieszk\u00f3w.<\/p>\n\n\n\n<p>Cele szczeg\u00f3\u0142owe:<\/p>\n\n\n\n<ul class=\"wp-block-list\">\n<li>Wspieranie kompetencji 320os\u00f3b z rodzin wychowuj\u0105cych dzieci,w tym prze\u017cywaj\u0105cych trudno\u015bci opieku\u0144czo-wychowawcze oraz w zakresie przeciwdzia\u0142aniu przemocy w rodzinie w okresie 03.2026-02.2028 r.<\/li>\n\n\n\n<li>Rozw\u00f3j us\u0142ug specjalistycznych i interwencyjnych dla rodzin wychowuj\u0105cych dzieci, w tym prze\u017cywaj\u0105cych trudno\u015bci opieku\u0144czo-wychowawcze oraz w zakresie przeciwdzia\u0142ania przemocy, w tym przemocy w rodzinie w okresie 03.2026-02.2028 r.<\/li>\n\n\n\n<li>Wspieranie kompetencji 4 rodzin zast\u0119pczych lub rodzinnych dom\u00f3w dziecka w okresie 03.2026-02.2028 r.<\/li>\n<\/ul>\n\n\n\n<p>-Zapewnienie dost\u0119pu do us\u0142ug m.in. poradnictwa psychologicznego, psychologicznego dla dzieci, prawnego, logopedycznego, dietetycznego, socjalnego, rodzinnego, terapii rodzinnej, mediacji rodzinnej, specjalisty ds. uzale\u017cnie\u0144 i wsp\u00f3\u0142uzale\u017cnie\u0144 oraz ds. przemocy 320 osobom w rodzinach w okresie 03.2026-02.2028r..<\/p>\n\n\n\n<p>Grup\u0119 docelow\u0105 projektu stanowi\u0105 320osoby, w tym 208 kobiet,112 m\u0119\u017cczyzn, 8os\u00f3b z niepe\u0142nosprawno\u015bci\u0105: s\u0105 to rodziny z dzie\u0107mi w tym prze\u017cywaj\u0105ce trudno\u015bci opieku\u0144czo-wychowawcze oraz potrzebuj\u0105ce wsparcia w zakresie przeciwdzia\u0142ania przemocy w rodzinach. Projekt zak\u0142ada wsparcie skierowane do rodzic\u00f3w i opiekun\u00f3w prawnych oraz dedykowane dzieciom i m\u0142odzie\u017cy, a tak\u017ce realizacj\u0119 kompleksowego wsparcia ju\u017c istniej\u0105cych rodzin zast\u0119pczych lub rodzinnych dom\u00f3w dziecka.<\/p>\n\n\n\n<p>W ramach projektu zaplanowano rozw\u00f3j kompleksowych us\u0142ug:<\/p>\n\n\n\n<p>1. Specjalistyczne poradnictwo dla rodzin<\/p>\n\n\n\n<div class=\"wp-block-group\"><div class=\"wp-block-group__inner-container is-layout-constrained wp-block-group-is-layout-constrained\">\n<ul class=\"wp-block-list\">\n<li> Poradnictwo psychologiczne<\/li>\n\n\n\n<li> Poradnictwo psychologiczne dzieci\u0119ce<\/li>\n\n\n\n<li> Terapia rodzinna<\/li>\n\n\n\n<li> Poradnictwo prawne<\/li>\n\n\n\n<li> Poradnictwo specjalisty ds. uzale\u017cnienia i wsp\u00f3\u0142uzale\u017cnienia w tym w zakresie problem\u00f3w alkoholowych<\/li>\n\n\n\n<li> Poradnictwo w zakresie przemocy domowej<\/li>\n\n\n\n<li> Poradnictwo logopedyczne<\/li>\n\n\n\n<li> Poradnictwo dietetyczne<\/li>\n\n\n\n<li> Poradnictwo rodzinne<\/li>\n\n\n\n<li> Poradnictwo socjalne<\/li>\n<\/ul>\n<\/div><\/div>\n\n\n\n<p>Instrument b\u0119dzie \u015bwiadczony dla uczestnik\u00f3w oraz otoczenia w postaci:<br>\u2022 konsultacji stacjonarnych \u015bwiadczonych na terenie ka\u017cdej gminy<br>\u2022 poradnictwa mobilnego \u015bwiadczonego w miejscu zamieszkania wg indywidualnych potrzeb rodzin.<\/p>\n\n\n\n<p>2. Dzia\u0142ania profilaktyczne wspieraj\u0105ce rodzin\u0119<\/p>\n\n\n\n<ul class=\"wp-block-list\">\n<li>Trening z zakresu umiej\u0119tno\u015bci opieku\u0144czo-wychowawczych<\/li>\n\n\n\n<li> Warsztat kompetencji spo\u0142ecznych dla dzieci i m\u0142odzie\u017cy<\/li>\n\n\n\n<li>Warsztat &#8222;Wi\u0119zi rodzinne&#8221; dla ca\u0142ych rodzin<\/li>\n\n\n\n<li>Warsztat z pierwszej pomocy<\/li>\n<\/ul>\n\n\n\n<p><\/p>\n\n\n\n<p>Okres realizacji projektu: 01.03.2026 &#8211; 29.02.2028 r<\/p>\n\n\n\n<p>Ca\u0142kowita warto\u015b\u0107 projektu:&nbsp; 2&nbsp;016&nbsp;780,00 PLN<\/p>\n\n\n\n<p>Dofinansowanie UE: <a>1&nbsp;714&nbsp;263,00 <\/a>PLN<\/p>\n\n\n\n<p>Wk\u0142ad w\u0142asny: 100&nbsp;839,00&nbsp;PLN<\/p>\n\n\n\n<p><\/p>\n\n\n\n<p>Rezultatem dzia\u0142a\u0144 b\u0119dzie:<\/p>\n\n\n\n<blockquote class=\"wp-block-quote is-layout-flow wp-block-quote-is-layout-flow\">\n<p>\u2013 320 os\u00f3b obj\u0119tych wsparciem w projekcie<\/p>\n\n\n\n<p>\u2013 12 os\u00f3b obj\u0119tych us\u0142ugami w zakresie wspierania rodziny i pieczy zast\u0119pczej<\/p>\n\n\n\n<p>\u2013 Zapewnienie dost\u0119pu do us\u0142ug m.in. poradnictwa specjalistycznego, psychologicznego, psychologicznego dla dzieci, prawnego, terapii i socjalnego 320 osobom w rodzinach.<\/p>\n\n\n\n<p><strong>Realizator projektu: <a>Fundacja Rozwoju Inicjatyw Obywatelskich<\/a><\/strong><\/p>\n\n\n\n<p>Partnerzy projektu:<\/p>\n<\/blockquote>\n\n\n\n<ul class=\"wp-block-list\">\n<li>Gmina Adam\u00f3w\/ Gminny O\u015brodek Pomocy Spo\u0142ecznej w Adamowie<\/li>\n\n\n\n<li>Gmina Serokomla\/ Gminny O\u015brodek Pomocy Spo\u0142ecznej w Serokomli<\/li>\n\n\n\n<li>Gmina Stanin\/ Gminny O\u015brodek Pomocy Spo\u0142ecznej w Staninie<\/li>\n\n\n\n<li>Gmina Trzebiesz\u00f3w\/ Gminny O\u015brodek Pomocy Spo\u0142ecznej w Trzebieszowie<\/li>\n\n\n\n<li>Gmina Wojcieszk\u00f3w\/ Centrum Us\u0142ug Spo\u0142ecznych w Wojcieszkowie<\/li>\n<\/ul>\n\n\n\n<p>Projekt <strong>Specjalistyczne wsparcie dla rodzin z powiatu \u0142ukowskiego  nr&nbsp;FELU.08.08-IZ.00-0035\/24<\/strong> jest dofinansowany ze \u015brodk\u00f3w Europejskiego Funduszu Spo\u0142ecznego Plus w ramach programu Fundusze Europejskie dla Lubelskiego 2021-2027<\/p>\n\n\n<div class=\"wp-block-image\">\n<figure class=\"alignleft is-resized\"><img decoding=\"async\" src=\"https:\/\/s.w.org\/images\/core\/emoji\/17.0.2\/svg\/260e.svg\" alt=\"\u260e\ufe0f\" style=\"width:29px;height:auto\"\/><\/figure>\n<\/div>\n\n<div class=\"wp-block-image\">\n<figure class=\"alignleft is-resized\"><img decoding=\"async\" src=\"https:\/\/s.w.org\/images\/core\/emoji\/17.0.2\/svg\/1f4e7.svg\" alt=\"\ud83d\udce7\" style=\"width:29px;height:auto\"\/><\/figure>\n<\/div>\n\n\n<p>Osoby zainteresowane udzia\u0142em w Projekcie zapraszamy do kontaktu Partnerami projektu.<\/p>\n\n\n\n<details class=\"wp-block-details is-layout-flow wp-block-details-is-layout-flow\"><summary>Formularz rekrutacyjny<\/summary>\n<div data-wp-interactive=\"core\/file\" class=\"wp-block-file\"><object data-wp-bind--hidden=\"!state.hasPdfPreview\" hidden class=\"wp-block-file__embed\" data=\"https:\/\/frio.lublin.pl\/wordpress\/wp-content\/uploads\/2026\/03\/formularz-rekrutacyjny-12.pdf\" type=\"application\/pdf\" style=\"width:100%;height:600px\" aria-label=\"Osadzone z formularz-rekrutacyjny-1(2).\"><\/object><a id=\"wp-block-file--media-6e38bc86-0e12-4442-b0b2-926180894654\" href=\"https:\/\/frio.lublin.pl\/wordpress\/wp-content\/uploads\/2026\/03\/formularz-rekrutacyjny-12.pdf\">formularz-rekrutacyjny-1(2)<\/a><a href=\"https:\/\/frio.lublin.pl\/wordpress\/wp-content\/uploads\/2026\/03\/formularz-rekrutacyjny-12.pdf\" class=\"wp-block-file__button wp-element-button\" download aria-describedby=\"wp-block-file--media-6e38bc86-0e12-4442-b0b2-926180894654\">Pobierz<\/a><\/div>\n<\/details>\n\n\n\n<details class=\"wp-block-details is-layout-flow wp-block-details-is-layout-flow\"><summary>Deklaracja uczestnictwa<\/summary>\n<div class=\"wp-block-columns is-layout-flex wp-container-core-columns-is-layout-9d6595d7 wp-block-columns-is-layout-flex\">\n<div class=\"wp-block-column is-layout-flow wp-block-column-is-layout-flow\" style=\"flex-basis:100%\">\n<div data-wp-interactive=\"core\/file\" class=\"wp-block-file\"><object data-wp-bind--hidden=\"!state.hasPdfPreview\" hidden class=\"wp-block-file__embed\" data=\"https:\/\/frio.lublin.pl\/wordpress\/wp-content\/uploads\/2026\/03\/Deklaracja-uczestnictwa.pdf\" type=\"application\/pdf\" style=\"width:100%;height:600px\" aria-label=\"Osadzone z Deklaracja uczestnictwa.\"><\/object><a id=\"wp-block-file--media-81928770-1253-44a9-8297-70ec5259ef3e\" href=\"https:\/\/frio.lublin.pl\/wordpress\/wp-content\/uploads\/2026\/03\/Deklaracja-uczestnictwa.pdf\">Deklaracja uczestnictwa<\/a><a href=\"https:\/\/frio.lublin.pl\/wordpress\/wp-content\/uploads\/2026\/03\/Deklaracja-uczestnictwa.pdf\" class=\"wp-block-file__button wp-element-button\" download aria-describedby=\"wp-block-file--media-81928770-1253-44a9-8297-70ec5259ef3e\">Pobierz<\/a><\/div>\n<\/div>\n<\/div>\n<\/details>\n\n\n\n<details class=\"wp-block-details is-layout-flow wp-block-details-is-layout-flow\"><summary>Regulamin rekrutacji i uczestnictwa<\/summary>\n<div class=\"wp-block-group\"><div class=\"wp-block-group__inner-container is-layout-constrained wp-block-group-is-layout-constrained\">\n<div data-wp-interactive=\"core\/file\" class=\"wp-block-file\"><object data-wp-bind--hidden=\"!state.hasPdfPreview\" hidden class=\"wp-block-file__embed\" data=\"https:\/\/frio.lublin.pl\/wordpress\/wp-content\/uploads\/2026\/03\/Regulamin-rekrutacji-i-uczestnictwa.pdf\" type=\"application\/pdf\" style=\"width:100%;height:600px\" aria-label=\"Osadzone z Regulamin-rekrutacji-i-uczestnictwa.\"><\/object><a id=\"wp-block-file--media-04c0c71f-ae4e-4bac-80c4-7a2d4265dc3d\" href=\"https:\/\/frio.lublin.pl\/wordpress\/wp-content\/uploads\/2026\/03\/Regulamin-rekrutacji-i-uczestnictwa.pdf\">Regulamin-rekrutacji-i-uczestnictwa<\/a><a href=\"https:\/\/frio.lublin.pl\/wordpress\/wp-content\/uploads\/2026\/03\/Regulamin-rekrutacji-i-uczestnictwa.pdf\" class=\"wp-block-file__button wp-element-button\" download aria-describedby=\"wp-block-file--media-04c0c71f-ae4e-4bac-80c4-7a2d4265dc3d\">Pobierz<\/a><\/div>\n<\/div><\/div>\n<\/details>\n\n\n\n<p><a href=\"https:\/\/www.facebook.com\/hashtag\/funduszeue?__eep__=6&amp;__cft__%5b0%5d=AZUIMOPHyPI7dfY0a6FpUVBcY9l7WKR3UXEZu8v5W-uCdV7YbMoCmay8cquTWHieCLzpxizoRY9BQKd2yIE9yOqQ4At232Cv6UrJ5_s0KVBs-R_q2oEcTWoirDobZnvvaOdiDVettbUKpQwz7VuInQLojdLxG1CaUKMrXX6vqVzhAoPbhwy2BwqCUorqDd-7pQU&amp;__tn__=*NK-R\">#FunduszeUE<\/a><\/p>\n\n\n\n<p><a href=\"https:\/\/www.facebook.com\/hashtag\/fundusze?__eep__=6&amp;__cft__%5b0%5d=AZUIMOPHyPI7dfY0a6FpUVBcY9l7WKR3UXEZu8v5W-uCdV7YbMoCmay8cquTWHieCLzpxizoRY9BQKd2yIE9yOqQ4At232Cv6UrJ5_s0KVBs-R_q2oEcTWoirDobZnvvaOdiDVettbUKpQwz7VuInQLojdLxG1CaUKMrXX6vqVzhAoPbhwy2BwqCUorqDd-7pQU&amp;__tn__=*NK-R\">#Fundusze<\/a>Europejskie<\/p>\n\n\n\n<figure class=\"wp-block-image size-large\"><img loading=\"lazy\" decoding=\"async\" width=\"683\" height=\"1024\" src=\"https:\/\/frio.lublin.pl\/wordpress\/wp-content\/uploads\/2026\/03\/Plakat-projekt-35.8.08-lukowski2-683x1024.jpg\" alt=\"\" class=\"wp-image-170\" srcset=\"https:\/\/frio.lublin.pl\/wordpress\/wp-content\/uploads\/2026\/03\/Plakat-projekt-35.8.08-lukowski2-683x1024.jpg 683w, https:\/\/frio.lublin.pl\/wordpress\/wp-content\/uploads\/2026\/03\/Plakat-projekt-35.8.08-lukowski2-200x300.jpg 200w, https:\/\/frio.lublin.pl\/wordpress\/wp-content\/uploads\/2026\/03\/Plakat-projekt-35.8.08-lukowski2-768x1152.jpg 768w, https:\/\/frio.lublin.pl\/wordpress\/wp-content\/uploads\/2026\/03\/Plakat-projekt-35.8.08-lukowski2.jpg 1024w\" sizes=\"auto, (max-width: 683px) 100vw, 683px\" \/><\/figure>\n","protected":false},"excerpt":{"rendered":"<p>Celem projektu jest wsparcie kompetencji 320os\u00f3b (w tym 208kobiet i 112m\u0119\u017cczyzn) z rodzin wychowuj\u0105cych dzieci, w tym prze\u017cywaj\u0105cych trudno\u015bci opieku\u0144czo-wychowawcze oraz w zakresie przeciwdzia\u0142ania przemocy w rodzinie oraz realizacj\u0119 kompleksowego wsparcia ju\u017c istniej\u0105cych rodzin zast\u0119pczych lub rodzinnych dom\u00f3w dziecka poprzez specjalistyczne us\u0142ugi w okresie 01.03.2026-29.02.2028r. na terenie Gmin Adam\u00f3w, Serokomla, Stanin, Trzebiesz\u00f3w i Wojcieszk\u00f3w. Cele [&hellip;]<\/p>\n","protected":false},"author":1,"featured_media":0,"parent":71,"menu_order":0,"comment_status":"closed","ping_status":"closed","template":"","meta":{"footnotes":""},"class_list":["post-141","page","type-page","status-publish","hentry"],"_links":{"self":[{"href":"https:\/\/frio.lublin.pl\/wordpress\/index.php\/wp-json\/wp\/v2\/pages\/141","targetHints":{"allow":["GET"]}}],"collection":[{"href":"https:\/\/frio.lublin.pl\/wordpress\/index.php\/wp-json\/wp\/v2\/pages"}],"about":[{"href":"https:\/\/frio.lublin.pl\/wordpress\/index.php\/wp-json\/wp\/v2\/types\/page"}],"author":[{"embeddable":true,"href":"https:\/\/frio.lublin.pl\/wordpress\/index.php\/wp-json\/wp\/v2\/users\/1"}],"replies":[{"embeddable":true,"href":"https:\/\/frio.lublin.pl\/wordpress\/index.php\/wp-json\/wp\/v2\/comments?post=141"}],"version-history":[{"count":5,"href":"https:\/\/frio.lublin.pl\/wordpress\/index.php\/wp-json\/wp\/v2\/pages\/141\/revisions"}],"predecessor-version":[{"id":171,"href":"https:\/\/frio.lublin.pl\/wordpress\/index.php\/wp-json\/wp\/v2\/pages\/141\/revisions\/171"}],"up":[{"embeddable":true,"href":"https:\/\/frio.lublin.pl\/wordpress\/index.php\/wp-json\/wp\/v2\/pages\/71"}],"wp:attachment":[{"href":"https:\/\/frio.lublin.pl\/wordpress\/index.php\/wp-json\/wp\/v2\/media?parent=141"}],"curies":[{"name":"wp","href":"https:\/\/api.w.org\/{rel}","templated":true}]}}