{"id":129,"date":"2026-01-05T07:45:53","date_gmt":"2026-01-05T07:45:53","guid":{"rendered":"https:\/\/frio.lublin.pl\/wordpress\/?page_id=129"},"modified":"2026-03-03T14:28:23","modified_gmt":"2026-03-03T14:28:23","slug":"bezpieczni-i-zaopiekowani-w-gminie-stanin","status":"publish","type":"page","link":"https:\/\/frio.lublin.pl\/wordpress\/index.php\/projekty-partnerskie\/bezpieczni-i-zaopiekowani-w-gminie-stanin\/","title":{"rendered":"Bezpieczni i zaopiekowani w Gminie Stanin"},"content":{"rendered":"\n<figure class=\"wp-block-image size-large\"><img loading=\"lazy\" decoding=\"async\" width=\"1024\" height=\"109\" src=\"https:\/\/frio.lublin.pl\/wordpress\/wp-content\/uploads\/2025\/02\/FEL_logotyp_kolor_poziom-1024x109.png\" alt=\"\" class=\"wp-image-49\" srcset=\"https:\/\/frio.lublin.pl\/wordpress\/wp-content\/uploads\/2025\/02\/FEL_logotyp_kolor_poziom-1024x109.png 1024w, https:\/\/frio.lublin.pl\/wordpress\/wp-content\/uploads\/2025\/02\/FEL_logotyp_kolor_poziom-300x32.png 300w, https:\/\/frio.lublin.pl\/wordpress\/wp-content\/uploads\/2025\/02\/FEL_logotyp_kolor_poziom-768x82.png 768w, https:\/\/frio.lublin.pl\/wordpress\/wp-content\/uploads\/2025\/02\/FEL_logotyp_kolor_poziom-1536x163.png 1536w, https:\/\/frio.lublin.pl\/wordpress\/wp-content\/uploads\/2025\/02\/FEL_logotyp_kolor_poziom-2048x218.png 2048w\" sizes=\"auto, (max-width: 1024px) 100vw, 1024px\" \/><\/figure>\n\n\n\n<p>Gmina Stanin\/Gminny O\u015brodek Pomocy Spo\u0142ecznej w Staninie w partnerstwie z Fundacj\u0105 Rozwoju Inicjatyw Obywatelskich realizuje projekt pt.: Bezpieczni i zaopiekowani w Gminie Stanin Nr FELU.08.05-IZ.00-0088\/25 <\/p>\n\n\n\n<p>Celem projektu jest zwi\u0119kszenie r\u00f3wnego i szybkiego dost\u0119pu do dobrej jako\u015bci, trwa\u0142ych i przyst\u0119pnych cenowo us\u0142ug spo\u0142ecznych, poprzez:<\/p>\n\n\n\n<ul class=\"wp-block-list\">\n<li>utworzenie plac\u00f3wki dziennego wsparcia we Wn\u0119trznem<\/li>\n\n\n\n<li>rozw\u00f3j us\u0142ug opieku\u0144czych i us\u0142ug asystenckich&nbsp; oraz specjalistycznych us\u0142ug opieku\u0144czych<\/li>\n\n\n\n<li>wsparcie opiekun\u00f3w faktycznych poprzez specjalistyczne szkolenia<\/li>\n\n\n\n<li>doposa\u017cenie wypo\u017cyczalni sprz\u0119tu rehabilitacyjnego<\/li>\n<\/ul>\n\n\n\n<p>Projekt skierowany jest do 205 os\u00f3b, mieszka\u0144c\u00f3w Gminy Stanin &#8211; senior\u00f3w i os\u00f3b z niepe\u0142nosprawno\u015bci\u0105.<\/p>\n\n\n\n<p><strong>Okres realizacji projektu: 01.01.2026 r. \u2013 30.11.2029 r.<\/strong><\/p>\n\n\n\n<p>W ramach projektu mo\u017cna skorzysta\u0107 z nast\u0119puj\u0105cych form wsparcia:<\/p>\n\n\n\n<p>I.&nbsp;&nbsp;&nbsp;&nbsp;&nbsp;&nbsp;&nbsp;&nbsp;&nbsp;&nbsp;&nbsp;&nbsp;&nbsp;&nbsp;&nbsp;&nbsp;&nbsp;&nbsp;&nbsp; Us\u0142ugi opieku\u0144cze w formie opieki dziennej &#8211; plac\u00f3wka wsparcia dziennego<\/p>\n\n\n\n<p>II.&nbsp;&nbsp;&nbsp;&nbsp;&nbsp;&nbsp;&nbsp;&nbsp;&nbsp;&nbsp;&nbsp;&nbsp;&nbsp;&nbsp;&nbsp;&nbsp;&nbsp; Us\u0142ugi opieku\u0144cze i asystenckie \u015bwiadczone w spo\u0142eczno\u015bci lokalnej<\/p>\n\n\n\n<p>\u00b7&nbsp;&nbsp;&nbsp;&nbsp;&nbsp;&nbsp;&nbsp;&nbsp; Us\u0142ugi opieku\u0144cze w miejscu zamieszkania dla os\u00f3b starszych, niepe\u0142nosprawnych<\/p>\n\n\n\n<p>\u00b7&nbsp;&nbsp;&nbsp;&nbsp;&nbsp;&nbsp;&nbsp;&nbsp; Us\u0142ugi specjalistyczne (rehabilitacyjne) dla os\u00f3b niepe\u0142nosprawnych w miejscu zamieszkania<\/p>\n\n\n\n<p>\u00b7&nbsp;&nbsp;&nbsp;&nbsp;&nbsp;&nbsp;&nbsp;&nbsp; Us\u0142ugi specjalistyczne psychologiczne<\/p>\n\n\n\n<p>\u00b7&nbsp;&nbsp;&nbsp;&nbsp;&nbsp;&nbsp;&nbsp;&nbsp; Us\u0142ugi asystenta osobistego osoby niepe\u0142nosprawnej<\/p>\n\n\n\n<p>\u00b7&nbsp;&nbsp;&nbsp;&nbsp;&nbsp;&nbsp;&nbsp;&nbsp; Us\u0142uga &#8222;z\u0142ota r\u0105czka&#8221;- drobne naprawy w mieszkaniu dla os\u00f3b samotnych\/ niesamodzielnych<\/p>\n\n\n\n<p>III.&nbsp;&nbsp;&nbsp;&nbsp;&nbsp;&nbsp;&nbsp;&nbsp;&nbsp;&nbsp;&nbsp;&nbsp;&nbsp;&nbsp;&nbsp; Wsparcie opiekun\u00f3w faktycznych<\/p>\n\n\n\n<p>\u00b7&nbsp;&nbsp;&nbsp;&nbsp;&nbsp;&nbsp;&nbsp;&nbsp; Szkolenie dla opiekun\u00f3w faktycznych w zakresie opieki i piel\u0119gnacji os\u00f3b zale\u017cnych, chorych przewlekle, le\u017c\u0105cych.<\/p>\n\n\n\n<p>Dla uczestnik\u00f3w dzia\u0142ania projektowe b\u0119d\u0105 \u015bwiadczone nieodp\u0142atnie.<\/p>\n\n\n\n<p><\/p>\n\n\n\n<p><strong>Ca\u0142kowita warto\u015b\u0107 projektu:&nbsp;<\/strong>8 876 800,86 z\u0142<\/p>\n\n\n\n<p><strong>Dofinansowanie UE:<\/strong> 7 545 280,73 z\u0142<\/p>\n\n\n\n<p><strong>Wk\u0142ad w\u0142asny:&nbsp;<\/strong>443 840,10 z\u0142<\/p>\n\n\n\n<p>Dzi\u0119ki projektowi 205 os\u00f3b (155 kobiet i 50 m\u0119\u017cczyzn) b\u0119dzie mia\u0142o szans\u0119 na popraw\u0119 swojej sytuacji spo\u0142ecznej. Po\u017c\u0105dana zmiana zostanie potwierdzona poprzez osi\u0105gni\u0119cie zaplanowanych<br>wska\u017anik\u00f3w rezultatu i produktu projektu.<\/p>\n\n\n\n<p>Rezultatem dzia\u0142a\u0144 b\u0119dzie:<\/p>\n\n\n\n<ul class=\"wp-block-list\">\n<li>175&nbsp;os\u00f3b obj\u0119tych us\u0142ugami \u015bwiadczonymi w spo\u0142eczno\u015bci lokalnej w programie<\/li>\n\n\n\n<li>30&nbsp;opiekun\u00f3w faktycznych\/nieformalnych obj\u0119tych wsparciem w programie<\/li>\n\n\n\n<li>dostosowanie&nbsp;obiektu&nbsp;do potrzeb os\u00f3b z niepe\u0142nosprawno\u015bciami<\/li>\n\n\n\n<li>30 os\u00f3b \u015bwiadcz\u0105cych us\u0142ugi w spo\u0142eczno\u015bci lokalnej dzi\u0119ki wsparciu w programie<\/li>\n\n\n\n<li>80&nbsp;os\u00f3b z niepe\u0142nosprawno\u015bciami obj\u0119tych wsparciem w programie<\/li>\n\n\n\n<li>30&nbsp;os\u00f3b, kt\u00f3re uzyska\u0142y kwalifikacje po opuszczeniu programu<\/li>\n<\/ul>\n\n\n\n<p>Realizator projektu: Gmina Stanin \/ Gminny O\u015brodek Pomocy Spo\u0142ecznej w Staninie&nbsp;<\/p>\n\n\n\n<p>Partner projektu:&nbsp;Fundacja Rozwoju Inicjatyw Obywatelskich<\/p>\n\n\n\n<p>#FunduszeUE<\/p>\n\n\n\n<p>#FunduszeEuropejskie<\/p>\n\n\n\n<p><strong>Projekt realizowany jest w&nbsp;ramach programu Fundusze Europejskie dla Lubelskiego 2021-2027 w&nbsp;ramach Priorytetu FELU.08.00 Dzia\u0142ania FELU.08.05 wsp\u00f3\u0142finansowanego ze&nbsp; \u015brodk\u00f3w Europejskiego Funduszu Spo\u0142ecznego Plus.<\/strong><\/p>\n\n\n\n<figure class=\"wp-block-image size-large\"><img loading=\"lazy\" decoding=\"async\" width=\"1024\" height=\"722\" src=\"https:\/\/frio.lublin.pl\/wordpress\/wp-content\/uploads\/2026\/01\/mapa-dotacji-Stanin-1024x722.png\" alt=\"\" class=\"wp-image-135\" srcset=\"https:\/\/frio.lublin.pl\/wordpress\/wp-content\/uploads\/2026\/01\/mapa-dotacji-Stanin-1024x722.png 1024w, https:\/\/frio.lublin.pl\/wordpress\/wp-content\/uploads\/2026\/01\/mapa-dotacji-Stanin-300x211.png 300w, https:\/\/frio.lublin.pl\/wordpress\/wp-content\/uploads\/2026\/01\/mapa-dotacji-Stanin-768x541.png 768w, https:\/\/frio.lublin.pl\/wordpress\/wp-content\/uploads\/2026\/01\/mapa-dotacji-Stanin.png 1298w\" sizes=\"auto, (max-width: 1024px) 100vw, 1024px\" \/><\/figure>\n","protected":false},"excerpt":{"rendered":"<p>Gmina Stanin\/Gminny O\u015brodek Pomocy Spo\u0142ecznej w Staninie w partnerstwie z Fundacj\u0105 Rozwoju Inicjatyw Obywatelskich realizuje projekt pt.: Bezpieczni i zaopiekowani w Gminie Stanin Nr FELU.08.05-IZ.00-0088\/25 Celem projektu jest zwi\u0119kszenie r\u00f3wnego i szybkiego dost\u0119pu do dobrej jako\u015bci, trwa\u0142ych i przyst\u0119pnych cenowo us\u0142ug spo\u0142ecznych, poprzez: Projekt skierowany jest do 205 os\u00f3b, mieszka\u0144c\u00f3w Gminy Stanin &#8211; senior\u00f3w i [&hellip;]<\/p>\n","protected":false},"author":1,"featured_media":0,"parent":148,"menu_order":0,"comment_status":"closed","ping_status":"closed","template":"","meta":{"footnotes":""},"class_list":["post-129","page","type-page","status-publish","hentry"],"_links":{"self":[{"href":"https:\/\/frio.lublin.pl\/wordpress\/index.php\/wp-json\/wp\/v2\/pages\/129","targetHints":{"allow":["GET"]}}],"collection":[{"href":"https:\/\/frio.lublin.pl\/wordpress\/index.php\/wp-json\/wp\/v2\/pages"}],"about":[{"href":"https:\/\/frio.lublin.pl\/wordpress\/index.php\/wp-json\/wp\/v2\/types\/page"}],"author":[{"embeddable":true,"href":"https:\/\/frio.lublin.pl\/wordpress\/index.php\/wp-json\/wp\/v2\/users\/1"}],"replies":[{"embeddable":true,"href":"https:\/\/frio.lublin.pl\/wordpress\/index.php\/wp-json\/wp\/v2\/comments?post=129"}],"version-history":[{"count":4,"href":"https:\/\/frio.lublin.pl\/wordpress\/index.php\/wp-json\/wp\/v2\/pages\/129\/revisions"}],"predecessor-version":[{"id":136,"href":"https:\/\/frio.lublin.pl\/wordpress\/index.php\/wp-json\/wp\/v2\/pages\/129\/revisions\/136"}],"up":[{"embeddable":true,"href":"https:\/\/frio.lublin.pl\/wordpress\/index.php\/wp-json\/wp\/v2\/pages\/148"}],"wp:attachment":[{"href":"https:\/\/frio.lublin.pl\/wordpress\/index.php\/wp-json\/wp\/v2\/media?parent=129"}],"curies":[{"name":"wp","href":"https:\/\/api.w.org\/{rel}","templated":true}]}}