{"id":106,"date":"2025-10-16T12:13:10","date_gmt":"2025-10-16T12:13:10","guid":{"rendered":"https:\/\/frio.lublin.pl\/wordpress\/?page_id=106"},"modified":"2026-03-18T09:32:34","modified_gmt":"2026-03-18T09:32:34","slug":"aktywnosc-spoleczna-i-integracja-mieszkancow-gmin-powiatu-lubelskiego","status":"publish","type":"page","link":"https:\/\/frio.lublin.pl\/wordpress\/index.php\/projekty\/aktywnosc-spoleczna-i-integracja-mieszkancow-gmin-powiatu-lubelskiego\/","title":{"rendered":"Aktywno\u015b\u0107 spo\u0142eczna i integracja mieszka\u0144c\u00f3w gmin powiatu lubelskiego"},"content":{"rendered":"\n<figure class=\"wp-block-image size-large\"><img loading=\"lazy\" decoding=\"async\" width=\"1024\" height=\"109\" src=\"https:\/\/frio.lublin.pl\/wordpress\/wp-content\/uploads\/2025\/07\/17530531646077488243204181084839-1024x109.png\" alt=\"\" class=\"wp-image-77\" srcset=\"https:\/\/frio.lublin.pl\/wordpress\/wp-content\/uploads\/2025\/07\/17530531646077488243204181084839-1024x109.png 1024w, https:\/\/frio.lublin.pl\/wordpress\/wp-content\/uploads\/2025\/07\/17530531646077488243204181084839-300x32.png 300w, https:\/\/frio.lublin.pl\/wordpress\/wp-content\/uploads\/2025\/07\/17530531646077488243204181084839-768x82.png 768w, https:\/\/frio.lublin.pl\/wordpress\/wp-content\/uploads\/2025\/07\/17530531646077488243204181084839-1536x164.png 1536w, https:\/\/frio.lublin.pl\/wordpress\/wp-content\/uploads\/2025\/07\/17530531646077488243204181084839.png 2048w\" sizes=\"auto, (max-width: 1024px) 100vw, 1024px\" \/><\/figure>\n\n\n\n<p>Projekt <strong>Aktywno\u015b\u0107 spo\u0142eczna i integracja mieszka\u0144c\u00f3w gmin powiatu lubelskiego nr FELU.08.09-IZ.00-0041\/24.<\/strong> realizowany jest w okresie od 01.07.2025 r. do 30.06.2027 r<\/p>\n\n\n\n<p>Celem projektu jest wspieranie aktywno\u015bci i integracji spo\u0142ecznej 285 os\u00f3b (w tym 200 kobiet i 85 m\u0119\u017cczyzn) najbardziej zagro\u017conych ub\u00f3stwem lub wykluczeniem spo\u0142ecznym, w tym realizacja dzia\u0142a\u0144 na rzecz rozwoju lokalnego w okresie 01.07.2025- 30.06.2027r. na terenie Gminy Konopnica, Niemce i Wojciech\u00f3w.<\/p>\n\n\n\n<p>Cele szczeg\u00f3\u0142owe:<\/p>\n\n\n\n<p>&#8211; Wspieranie integracji spo\u0142ecznej 285os.zagro\u017conych ub\u00f3stwem lub wykluczeniem spo\u0142. w okresie 07.25-06.27r.<\/p>\n\n\n\n<p>&#8211; Zapewnienie dost\u0119pu do zindywidualizowanych us\u0142ug m.in. poradnictwa, warsztat\u00f3w 285 osobom zagro\u017conych ub\u00f3stwem lub wykluczeniem spo\u0142ecznym w okresie 07.2025-06.2027r.<\/p>\n\n\n\n<p>W ramach projektu zaplanowano rozw\u00f3j kompleksowych us\u0142ug:<\/p>\n\n\n\n<p>1. Aktywizacj\u0119 spo\u0142eczn\u0105 os\u00f3b najbardziej zagro\u017conych ub\u00f3stwem lub wykluczeniem spo\u0142ecznym, w tym os\u00f3b starszych poprzez wsparcie indywidualne:<\/p>\n\n\n\n<p>&#8211; Indywidualne konsultacje dietetyczne, poradnictwo fizjoterapeutyczne, poradnictwo psychologiczne indywidualne, indywidualne konsultacje bezpieczny Senior e sieci, poradnictwo rodzinno &#8211; socjalne<\/p>\n\n\n\n<p>2. Aktywizacja spo\u0142eczna os\u00f3b najbardziej zagro\u017conych ub\u00f3stwem lub wykluczeniem spo\u0142ecznym, w tym os\u00f3b starszych &#8211; wsparcie grupowe<\/p>\n\n\n\n<p>-Trening bycia liderem w grupie samopomocowej<\/p>\n\n\n\n<p>-Manualne zaj\u0119cia pobudzaj\u0105ce kreatywno\u015b\u0107 i pami\u0119\u0107 w\u015br\u00f3d senior\u00f3w<\/p>\n\n\n\n<p>-Warsztaty z zdrowego od\u017cywiania<\/p>\n\n\n\n<p>-Kosmetyka dla Seniora<\/p>\n\n\n\n<p>-Warsztaty florystyczne<\/p>\n\n\n\n<p>-Aktywizacja fizyczna &#8211; zaj\u0119cia ruchowe<\/p>\n\n\n\n<p>-Profilaktyka chor\u00f3b cywilizacyjnych &#8211; wyjazdy na baseny<\/p>\n\n\n\n<p>&#8211; Wsparcie organizator\u00f3w aktywno\u015bci spo\u0142ecznej<\/p>\n\n\n\n<p>3. Wsparcie dzia\u0142a\u0144 na rzecz integracji spo\u0142eczno\u015bci zagro\u017conych wykluczeniem spo\u0142ecznym, w tym realizacja dzia\u0142a\u0144 na rzecz rozwoju lokalnego.<\/p>\n\n\n\n<p>Senioriada &#8211; spotkanie wzmacniaj\u0105ce wi\u0119zi spo\u0142eczne 3 spotkania \u0142\u0105cznie dla 285 os. x 2 lata<\/p>\n\n\n\n<p>Rodzinne weekendy.<\/p>\n\n\n\n<p>Grup\u0119 docelow\u0105 projektu stanowi\u0105 285 os\u00f3b, w tym 200kobiet, 85m\u0119\u017cczyzn, najbardziej zagro\u017conych ub\u00f3stwem lub wykluczeniem spo\u0142ecznym z terenu Gminy Konopni, Niemce i Wojciech\u00f3w:<\/p>\n\n\n\n<p>&#8211; osoby w trudnej sytuacji, w tym osoby do\u015bwiadczaj\u0105ce ub\u00f3stwa, wykluczenia spo\u0142ecznego lub dyskryminacji w wielu wymiarach lub zagro\u017cone takimi zjawiskami<\/p>\n\n\n\n<p>&#8211; osoby starsze w rozumieniu ustawy z dnia 11 wrze\u015bnia 2015 r. o osobach starszych (Dz.U. z 2015 r. poz. 1705) , kt\u00f3re uko\u0144czy\u0142y 60. rok \u017cycia<\/p>\n\n\n\n<p>&#8211; osoby z niepe\u0142nosprawno\u015bciami<\/p>\n\n\n\n<p>G\u0142\u00f3wne rezultaty:<\/p>\n\n\n\n<p>Dzi\u0119ki projektowi u minimum 200 os\u00f3b, sytuacja spo\u0142eczna ulegnie poprawie po opuszczeniu programu.<\/p>\n\n\n\n<p><strong>Okres realizacji projektu:<\/strong> 01.07.2025 r. \u2013 30.06.2027 r.<\/p>\n\n\n\n<p><strong>Ca\u0142kowita warto\u015b\u0107 projektu:&nbsp;<\/strong>2&nbsp;709&nbsp;969,25 z\u0142<\/p>\n\n\n\n<p><strong>Dofinansowanie UE<\/strong> 2\u00a0303 473,86 z\u0142<\/p>\n\n\n\n<p>Realizator projektu: Fundacja Rozwoju Inicjatyw Obywatelskich<\/p>\n\n\n\n<p>Partnerzy projektu: Gmina Konopnica\/O\u015brodek Pomocy Spo\u0142ecznej w Konopnicy, Gmina Niemce\/ O\u015brodek Pomocy Spo\u0142ecznej, Gmina Wojciech\u00f3w\/O\u015brodek Pomocy Spo\u0142ecznej w Wojciechowie<\/p>\n\n\n\n<p>Projekt jest dofinansowany ze \u015brodk\u00f3w Europejskiego Funduszu Spo\u0142ecznego Plus w ramach programu Fundusze Europejskie dla Lubelskiego 2021-2027<\/p>\n\n\n\n<p><\/p>\n\n\n\n<p>\u260e\ufe0f\ud83d\udce7 Osoby zainteresowane udzia\u0142em w Projekcie zapraszamy do kontaktu Partnerami projektu.<\/p>\n\n\n\n<div class=\"wp-block-file\"><a id=\"wp-block-file--media-e4371f69-8657-4eee-8720-1405a70451a6\" href=\"https:\/\/frio.lublin.pl\/wordpress\/wp-content\/uploads\/2025\/10\/formularz-rekrutacyjny.doc\">formularz-rekrutacyjny<\/a><a href=\"https:\/\/frio.lublin.pl\/wordpress\/wp-content\/uploads\/2025\/10\/formularz-rekrutacyjny.doc\" class=\"wp-block-file__button wp-element-button\" download aria-describedby=\"wp-block-file--media-e4371f69-8657-4eee-8720-1405a70451a6\">Pobierz<\/a><\/div>\n\n\n\n<div class=\"wp-block-file\"><a id=\"wp-block-file--media-f0ec5886-5c0b-4c72-8343-d6779f5be86a\" href=\"https:\/\/frio.lublin.pl\/wordpress\/wp-content\/uploads\/2025\/10\/Deklaracja-uczestnictwa.doc\">Deklaracja uczestnictwa<\/a><a href=\"https:\/\/frio.lublin.pl\/wordpress\/wp-content\/uploads\/2025\/10\/Deklaracja-uczestnictwa.doc\" class=\"wp-block-file__button wp-element-button\" download aria-describedby=\"wp-block-file--media-f0ec5886-5c0b-4c72-8343-d6779f5be86a\">Pobierz<\/a><\/div>\n\n\n\n<div class=\"wp-block-file\"><a id=\"wp-block-file--media-9eac3aea-a9a1-4991-8399-cfd91fecd877\" href=\"https:\/\/frio.lublin.pl\/wordpress\/wp-content\/uploads\/2025\/10\/Oswiadczenie.docx\">O\u015bwiadczenie<\/a><a href=\"https:\/\/frio.lublin.pl\/wordpress\/wp-content\/uploads\/2025\/10\/Oswiadczenie.docx\" class=\"wp-block-file__button wp-element-button\" download aria-describedby=\"wp-block-file--media-9eac3aea-a9a1-4991-8399-cfd91fecd877\">Pobierz<\/a><\/div>\n\n\n\n<details class=\"wp-block-details is-layout-flow wp-block-details-is-layout-flow\"><summary>Regulamin rekrutacji i uczestnictwa<\/summary>\n<div class=\"wp-block-columns is-layout-flex wp-container-core-columns-is-layout-9d6595d7 wp-block-columns-is-layout-flex\">\n<div class=\"wp-block-column is-layout-flow wp-block-column-is-layout-flow\" style=\"flex-basis:100%\">\n<div data-wp-interactive=\"core\/file\" class=\"wp-block-file\"><object data-wp-bind--hidden=\"!state.hasPdfPreview\" hidden class=\"wp-block-file__embed\" data=\"https:\/\/frio.lublin.pl\/wordpress\/wp-content\/uploads\/2026\/03\/Regulamin-rekrutacji-i-uczestnictwa-1.pdf\" type=\"application\/pdf\" style=\"width:100%;height:600px\" aria-label=\"Osadzone z Regulamin-rekrutacji i uczestnictwa.\"><\/object><a id=\"wp-block-file--media-2383173b-cafa-4bf8-8262-97b6f8cd23f9\" href=\"https:\/\/frio.lublin.pl\/wordpress\/wp-content\/uploads\/2026\/03\/Regulamin-rekrutacji-i-uczestnictwa-1.pdf\">Regulamin-rekrutacji i uczestnictwa<\/a><a href=\"https:\/\/frio.lublin.pl\/wordpress\/wp-content\/uploads\/2026\/03\/Regulamin-rekrutacji-i-uczestnictwa-1.pdf\" class=\"wp-block-file__button wp-element-button\" download aria-describedby=\"wp-block-file--media-2383173b-cafa-4bf8-8262-97b6f8cd23f9\">Pobierz<\/a><\/div>\n<\/div>\n<\/div>\n<\/details>\n\n\n\n<p>#FunduszeUE<\/p>\n\n\n\n<p>#Fundusze Europejskie<\/p>\n\n\n\n<figure class=\"wp-block-image size-large\"><img loading=\"lazy\" decoding=\"async\" width=\"676\" height=\"1024\" src=\"https:\/\/frio.lublin.pl\/wordpress\/wp-content\/uploads\/2026\/03\/Plakat-promocyjny-676x1024.jpg\" alt=\"\" class=\"wp-image-174\" srcset=\"https:\/\/frio.lublin.pl\/wordpress\/wp-content\/uploads\/2026\/03\/Plakat-promocyjny-676x1024.jpg 676w, https:\/\/frio.lublin.pl\/wordpress\/wp-content\/uploads\/2026\/03\/Plakat-promocyjny-198x300.jpg 198w, https:\/\/frio.lublin.pl\/wordpress\/wp-content\/uploads\/2026\/03\/Plakat-promocyjny-768x1164.jpg 768w, https:\/\/frio.lublin.pl\/wordpress\/wp-content\/uploads\/2026\/03\/Plakat-promocyjny.jpg 1006w\" sizes=\"auto, (max-width: 676px) 100vw, 676px\" \/><\/figure>\n","protected":false},"excerpt":{"rendered":"<p>Projekt Aktywno\u015b\u0107 spo\u0142eczna i integracja mieszka\u0144c\u00f3w gmin powiatu lubelskiego nr FELU.08.09-IZ.00-0041\/24. realizowany jest w okresie od 01.07.2025 r. do 30.06.2027 r Celem projektu jest wspieranie aktywno\u015bci i integracji spo\u0142ecznej 285 os\u00f3b (w tym 200 kobiet i 85 m\u0119\u017cczyzn) najbardziej zagro\u017conych ub\u00f3stwem lub wykluczeniem spo\u0142ecznym, w tym realizacja dzia\u0142a\u0144 na rzecz rozwoju lokalnego w okresie 01.07.2025- [&hellip;]<\/p>\n","protected":false},"author":1,"featured_media":0,"parent":71,"menu_order":0,"comment_status":"closed","ping_status":"closed","template":"","meta":{"footnotes":""},"class_list":["post-106","page","type-page","status-publish","hentry"],"_links":{"self":[{"href":"https:\/\/frio.lublin.pl\/wordpress\/index.php\/wp-json\/wp\/v2\/pages\/106","targetHints":{"allow":["GET"]}}],"collection":[{"href":"https:\/\/frio.lublin.pl\/wordpress\/index.php\/wp-json\/wp\/v2\/pages"}],"about":[{"href":"https:\/\/frio.lublin.pl\/wordpress\/index.php\/wp-json\/wp\/v2\/types\/page"}],"author":[{"embeddable":true,"href":"https:\/\/frio.lublin.pl\/wordpress\/index.php\/wp-json\/wp\/v2\/users\/1"}],"replies":[{"embeddable":true,"href":"https:\/\/frio.lublin.pl\/wordpress\/index.php\/wp-json\/wp\/v2\/comments?post=106"}],"version-history":[{"count":5,"href":"https:\/\/frio.lublin.pl\/wordpress\/index.php\/wp-json\/wp\/v2\/pages\/106\/revisions"}],"predecessor-version":[{"id":175,"href":"https:\/\/frio.lublin.pl\/wordpress\/index.php\/wp-json\/wp\/v2\/pages\/106\/revisions\/175"}],"up":[{"embeddable":true,"href":"https:\/\/frio.lublin.pl\/wordpress\/index.php\/wp-json\/wp\/v2\/pages\/71"}],"wp:attachment":[{"href":"https:\/\/frio.lublin.pl\/wordpress\/index.php\/wp-json\/wp\/v2\/media?parent=106"}],"curies":[{"name":"wp","href":"https:\/\/api.w.org\/{rel}","templated":true}]}}